{"id":1588,"date":"2016-11-25T14:51:31","date_gmt":"2016-11-25T13:51:31","guid":{"rendered":"https:\/\/www.cave-de-monsegur.com\/professionnels\/"},"modified":"2026-01-20T15:19:27","modified_gmt":"2026-01-20T14:19:27","slug":"professionnels","status":"publish","type":"page","link":"https:\/\/www.cave-de-monsegur.com\/zh-hans\/professionnels\/","title":{"rendered":"\u4e13\u5bb6"},"content":{"rendered":"<section class=\"wpb-content-wrapper\"><p>[vc_row][vc_column width=&#8221;1\/3&#8243; el_class=&#8221;boxcontact&#8221;][vc_column_text]<\/p>\n<h3 style=\"text-align: center;\"><u><\/u>H\u00e9lo\u00efse PACAUD<\/h3>\n<p>[\/vc_column_text][vc_single_image image=&#8221;1987&#8243; img_size=&#8221;medium&#8221; alignment=&#8221;center&#8221;][vc_column_text]<\/p>\n<p class=\"m_-756387476219313607m-2599965976104678767msolistparagraph\" style=\"text-align: center;\">\u603b\u88c1<br \/>\n<a href=\"tel:%2B33%280%295%2056%2061%2061%2085\" target=\"_blank\" rel=\"noopener\">+33(0)5 56 61 61 85<br \/>\n<\/a><a href=\"mailto:heloise@cave-de-monsegur.com\" target=\"_blank\" rel=\"noopener\">heloise@cave-de-monsegur.com<\/a><\/p>\n<p>[\/vc_column_text][\/vc_column][vc_column width=&#8221;1\/3&#8243;][vc_column_text]<\/p>\n<h3 style=\"text-align: center;\"><u><\/u>Thierry COUSSEAU<\/h3>\n<p>[\/vc_column_text][vc_single_image image=&#8221;1989&#8243; img_size=&#8221;medium&#8221; alignment=&#8221;center&#8221;][vc_column_text]<\/p>\n<p class=\"m_-756387476219313607m-2599965976104678767msolistparagraph\" style=\"text-align: center;\">\u9152\u7a96\u5927\u5e08<\/p>\n<p class=\"m_-756387476219313607m-2599965976104678767msolistparagraph\" style=\"text-align: center;\"><a href=\"tel:%2B33%280%295%2056%2061%2061%2085\" target=\"_blank\" rel=\"noopener\">+33(0)5 56 61 61 85<\/a><\/p>\n<p>[\/vc_column_text][\/vc_column][vc_column width=&#8221;1\/3&#8243;][vc_column_text]<\/p>\n<h3 style=\"text-align: center;\"><u><\/u>\u51fa\u53e3\u9500\u552e\u90e8<\/h3>\n<p>[\/vc_column_text][vc_single_image image=&#8221;2152&#8243; img_size=&#8221;medium&#8221; alignment=&#8221;center&#8221;][vc_column_text]<\/p>\n<p class=\"m_-756387476219313607m-2599965976104678767msolistparagraph\" style=\"text-align: center;\">\u4e0d\u786e\u5b9a\u5c06\u60a8\u7684\u8bf7\u6c42\u53d1\u9001\u7ed9\u8c01\uff1f<br \/>\n+33(0)6 50 98 55 06<br \/>\n<a href=\"mailto:commercial@cave-de-monsegur.com\" target=\"_blank\" rel=\"noopener\">commercial@cave-de-monsegur.<wbr \/>com<\/a><\/p>\n<p>[\/vc_column_text][\/vc_column][\/vc_row][vc_row][vc_column width=&#8221;1\/3&#8243;][vc_column_text]<\/p>\n<h3 style=\"text-align: center;\"><u><\/u>Rose-Marie ETIENNE<\/h3>\n<p>[\/vc_column_text][vc_single_image image=&#8221;1983&#8243; img_size=&#8221;medium&#8221; alignment=&#8221;center&#8221;][vc_column_text]<\/p>\n<p class=\"m_-756387476219313607m-2599965976104678767msolistparagraph\" style=\"text-align: center;\">\u6b27\u6d32\u3001\u975e\u6d32\u3001\u5370\u5ea6\u533a\u57df\u7ecf\u7406<br \/>\n<a href=\"tel:+33(0)7 64 80 92 08\" target=\"_blank\" rel=\"noopener\">+33(0)7 64 80 92 08<br \/>\n<\/a><a href=\"mailto:rose.marie@cave-de-monsegur.com\" target=\"_blank\" rel=\"noopener\">rose.marie@cave-de-monsegur.com<\/a><\/p>\n<p>[\/vc_column_text][\/vc_column][vc_column width=&#8221;1\/3&#8243;][vc_column_text]<\/p>\n<h3 style=\"text-align: center;\"><u><\/u>Emma TOUZALIN<\/h3>\n<p>[\/vc_column_text][vc_single_image image=&#8221;2228&#8243; img_size=&#8221;medium&#8221; alignment=&#8221;center&#8221;][vc_column_text]<\/p>\n<p class=\"m_-756387476219313607m-2599965976104678767msolistparagraph\" style=\"text-align: center;\">\u5317\u7f8e\u548c\u4e9a\u6d32\u9500\u552e\u7ecf\u7406<br \/>\n<a href=\"tel:+33(0)7 62 47 79 46\">+33(0)7 62 47 79 46<\/a><br \/>\n<a href=\"mailto:emma@cave-de-monsegur.com\" target=\"_blank\" rel=\"noopener\">emma@cave-de-monsegur.<wbr \/>com<\/a><\/p>\n<p>[\/vc_column_text][\/vc_column][vc_column width=&#8221;1\/3&#8243; el_class=&#8221;boxcontact&#8221;][vc_column_text]<\/p>\n<h3 style=\"text-align: center;\"><u><\/u> <u><\/u>Pierre-Olivier RIVES<\/h3>\n<p>[\/vc_column_text][vc_single_image image=&#8221;735&#8243; img_size=&#8221;medium&#8221; alignment=&#8221;center&#8221;][vc_column_text]<\/p>\n<p class=\"m_-756387476219313607m-2599965976104678767msolistparagraph\" style=\"text-align: center;\">\u4e2d\u56fd\u9500\u552e\u7ecf\u7406<\/p>\n<p class=\"m_-756387476219313607m-2599965976104678767msolistparagraph\" style=\"text-align: center;\">(+86) 18221072474<a href=\"tel:%28%2B86%29%2018221072474\" target=\"_blank\" rel=\"noopener\"><br \/>\n<\/a><a href=\"mailto:po.rives@cave-de-monsegur.com\" target=\"_blank\" rel=\"noopener\">po.rives@cave-de-monsegur.com<\/a><\/p>\n<p>[\/vc_column_text][\/vc_column][\/vc_row][vc_row][vc_column width=&#8221;1\/3&#8243;][vc_column_text]<\/p>\n<h3 style=\"text-align: center;\"><u><\/u> <u><\/u>Sandrine\u00a0DEFER<\/h3>\n<p>[\/vc_column_text][vc_single_image image=&#8221;1990&#8243; img_size=&#8221;medium&#8221; alignment=&#8221;center&#8221;][vc_column_text]<\/p>\n<p class=\"m_-756387476219313607m-2599965976104678767msolistparagraph\" style=\"text-align: center;\">\u8425\u9500\u548c\u751f\u4ea7\u7ecf\u7406<br \/>\n+33(0)6 50 98 55 06<a href=\"tel:%2B33%280%299%2067%2047%2089%2005\" target=\"_blank\" rel=\"noopener\"><br \/>\n<\/a><a href=\"mailto:sandrined.monsegur@gmail.com\" target=\"_blank\" rel=\"noopener\"><span class=\"il\">sandrined.monsegur@gmail.com<\/span><\/a><\/p>\n<p>[\/vc_column_text][\/vc_column][vc_column width=&#8221;1\/3&#8243;][vc_column_text]<\/p>\n<h3 style=\"text-align: center;\"><u><\/u>Laura BLAISE<\/h3>\n<p>[\/vc_column_text][vc_single_image image=&#8221;1991&#8243; img_size=&#8221;medium&#8221; alignment=&#8221;center&#8221;][vc_column_text]<\/p>\n<p class=\"m_-756387476219313607m-2599965976104678767msolistparagraph\" style=\"text-align: center;\">\u9500\u552e\u52a9\u7406<br \/>\n<a href=\"tel:%2B33%280%299%2067%2047%2089%2005\" target=\"_blank\" rel=\"noopener\">+33(0)9 67 47 89 05<\/a>\u00a0+33(0)6 50 98 55 06<a href=\"tel:%2B33%280%299%2067%2047%2089%2005\" target=\"_blank\" rel=\"noopener\"><br \/>\n<\/a><a href=\"mailto:adv.monsegur@gmail.com\" target=\"_blank\" rel=\"noopener\">adv.monsegur@gmail.com<\/a><\/p>\n<p>[\/vc_column_text][\/vc_column][\/vc_row][vc_row][vc_column][vc_column_text el_class=&#8221;boxcontact&#8221; css=&#8221;.vc_custom_1480081735864{margin-top: 50px !important;}&#8221;]<\/p>\n<p style=\"text-align: center;\">SCA Les Vignerons R\u00e9unis de Mons\u00e9gur<br \/>\n1 Grand Champ, 33580 Le Puy, France<br \/>\nTel\u00a0: 05 56 61 61 85 &#8211; Fax\u00a0: 05 56 61 89 05<br \/>\n<a href=\"mailto:cave-de-monsegur@wanadoo.fr\" target=\"_blank\" rel=\"noopener\">cave-de-monsegur@wanadoo.fr<\/a><\/p>\n<p>[\/vc_column_text][\/vc_column][\/vc_row]<\/p>\n<\/section>","protected":false},"excerpt":{"rendered":"<p>[vc_row][vc_column width=&#8221;1\/3&#8243; el_class=&#8221;boxcontact&#8221;][vc_column_text] H\u00e9lo\u00efse PACAUD [\/vc_column_text][vc_single_image image=&#8221;1987&#8243; img_size=&#8221;medium&#8221; alignment=&#8221;center&#8221;][vc_column_text] \u603b\u88c1 +33(0)5 56 61 61 85 heloise@cave-de-monsegur.com [\/vc_column_text][\/vc_column][vc_column width=&#8221;1\/3&#8243;][vc_column_text] Thierry COUSSEAU [\/vc_column_text][vc_single_image image=&#8221;1989&#8243; img_size=&#8221;medium&#8221; alignment=&#8221;center&#8221;][vc_column_text] \u9152\u7a96\u5927\u5e08 +33(0)5 56 61 61 85 [\/vc_column_text][\/vc_column][vc_column width=&#8221;1\/3&#8243;][vc_column_text] \u51fa\u53e3\u9500\u552e\u90e8 [\/vc_column_text][vc_single_image image=&#8221;2152&#8243; img_size=&#8221;medium&#8221; alignment=&#8221;center&#8221;][vc_column_text] \u4e0d\u786e\u5b9a\u5c06\u60a8\u7684\u8bf7\u6c42\u53d1\u9001\u7ed9\u8c01\uff1f +33(0)6 50 98 55 06 commercial@cave-de-monsegur.com [\/vc_column_text][\/vc_column][\/vc_row][vc_row][vc_column width=&#8221;1\/3&#8243;][vc_column_text] Rose-Marie ETIENNE [\/vc_column_text][vc_single_image image=&#8221;1983&#8243; img_size=&#8221;medium&#8221; alignment=&#8221;center&#8221;][vc_column_text] \u6b27\u6d32\u3001\u975e\u6d32\u3001\u5370\u5ea6\u533a\u57df\u7ecf\u7406 +33(0)7 64 [&hellip;]<\/p>\n","protected":false},"author":1,"featured_media":0,"parent":0,"menu_order":0,"comment_status":"closed","ping_status":"closed","template":"template-default.php","meta":[],"acf":[],"yoast_head":"<!-- This site is optimized with the Yoast SEO plugin v19.10 - https:\/\/yoast.com\/wordpress\/plugins\/seo\/ -->\n<title>\u4e13\u5bb6 - Les Vignerons R\u00e9unis de Mons\u00e9gur<\/title>\n<meta name=\"description\" content=\"Si vous avez la moindre question, n&#039;h\u00e9sitez pas \u00e0 contacter l&#039;un des membres de notre \u00e9quipe au num\u00e9ro ou \u00e0 l&#039;adresse affich\u00e9e.\" \/>\n<meta name=\"robots\" content=\"index, follow, max-snippet:-1, max-image-preview:large, max-video-preview:-1\" \/>\n<link rel=\"canonical\" href=\"https:\/\/www.cave-de-monsegur.com\/zh-hans\/professionnels\/\" \/>\n<meta property=\"og:locale\" content=\"zh_CN\" \/>\n<meta property=\"og:type\" content=\"article\" \/>\n<meta property=\"og:title\" content=\"\u4e13\u5bb6 - Les Vignerons R\u00e9unis de Mons\u00e9gur\" \/>\n<meta property=\"og:description\" content=\"Si vous avez la moindre question, n&#039;h\u00e9sitez pas \u00e0 contacter l&#039;un des membres de notre \u00e9quipe au num\u00e9ro ou \u00e0 l&#039;adresse affich\u00e9e.\" \/>\n<meta property=\"og:url\" content=\"https:\/\/www.cave-de-monsegur.com\/zh-hans\/professionnels\/\" \/>\n<meta property=\"og:site_name\" content=\"Les Vignerons R\u00e9unis de Mons\u00e9gur\" \/>\n<meta property=\"article:modified_time\" content=\"2026-01-20T14:19:27+00:00\" \/>\n<meta name=\"twitter:card\" content=\"summary_large_image\" \/>\n<meta name=\"twitter:label1\" content=\"Est. reading time\" \/>\n\t<meta name=\"twitter:data1\" content=\"1 minute\" \/>\n<script type=\"application\/ld+json\" class=\"yoast-schema-graph\">{\"@context\":\"https:\/\/schema.org\",\"@graph\":[{\"@type\":\"WebPage\",\"@id\":\"https:\/\/www.cave-de-monsegur.com\/zh-hans\/professionnels\/\",\"url\":\"https:\/\/www.cave-de-monsegur.com\/zh-hans\/professionnels\/\",\"name\":\"\u4e13\u5bb6 - Les Vignerons R\u00e9unis de Mons\u00e9gur\",\"isPartOf\":{\"@id\":\"https:\/\/www.cave-de-monsegur.com\/en\/#website\"},\"datePublished\":\"2016-11-25T13:51:31+00:00\",\"dateModified\":\"2026-01-20T14:19:27+00:00\",\"description\":\"Si vous avez la moindre question, n'h\u00e9sitez pas \u00e0 contacter l'un des membres de notre \u00e9quipe au num\u00e9ro ou \u00e0 l'adresse affich\u00e9e.\",\"breadcrumb\":{\"@id\":\"https:\/\/www.cave-de-monsegur.com\/zh-hans\/professionnels\/#breadcrumb\"},\"inLanguage\":\"zh-CN\",\"potentialAction\":[{\"@type\":\"ReadAction\",\"target\":[\"https:\/\/www.cave-de-monsegur.com\/zh-hans\/professionnels\/\"]}]},{\"@type\":\"BreadcrumbList\",\"@id\":\"https:\/\/www.cave-de-monsegur.com\/zh-hans\/professionnels\/#breadcrumb\",\"itemListElement\":[{\"@type\":\"ListItem\",\"position\":1,\"name\":\"Accueil\",\"item\":\"https:\/\/www.cave-de-monsegur.com\/zh-hans\/\"},{\"@type\":\"ListItem\",\"position\":2,\"name\":\"\u4e13\u5bb6\"}]},{\"@type\":\"WebSite\",\"@id\":\"https:\/\/www.cave-de-monsegur.com\/en\/#website\",\"url\":\"https:\/\/www.cave-de-monsegur.com\/en\/\",\"name\":\"Les Vignerons R\u00e9unis de Mons\u00e9gur\",\"description\":\"Cave, Vin, Bordeaux, Export, ...\",\"potentialAction\":[{\"@type\":\"SearchAction\",\"target\":{\"@type\":\"EntryPoint\",\"urlTemplate\":\"https:\/\/www.cave-de-monsegur.com\/en\/?s={search_term_string}\"},\"query-input\":\"required name=search_term_string\"}],\"inLanguage\":\"zh-CN\"}]}<\/script>\n<!-- \/ Yoast SEO plugin. -->","yoast_head_json":{"title":"\u4e13\u5bb6 - Les Vignerons R\u00e9unis de Mons\u00e9gur","description":"Si vous avez la moindre question, n'h\u00e9sitez pas \u00e0 contacter l'un des membres de notre \u00e9quipe au num\u00e9ro ou \u00e0 l'adresse affich\u00e9e.","robots":{"index":"index","follow":"follow","max-snippet":"max-snippet:-1","max-image-preview":"max-image-preview:large","max-video-preview":"max-video-preview:-1"},"canonical":"https:\/\/www.cave-de-monsegur.com\/zh-hans\/professionnels\/","og_locale":"zh_CN","og_type":"article","og_title":"\u4e13\u5bb6 - Les Vignerons R\u00e9unis de Mons\u00e9gur","og_description":"Si vous avez la moindre question, n'h\u00e9sitez pas \u00e0 contacter l'un des membres de notre \u00e9quipe au num\u00e9ro ou \u00e0 l'adresse affich\u00e9e.","og_url":"https:\/\/www.cave-de-monsegur.com\/zh-hans\/professionnels\/","og_site_name":"Les Vignerons R\u00e9unis de Mons\u00e9gur","article_modified_time":"2026-01-20T14:19:27+00:00","twitter_card":"summary_large_image","twitter_misc":{"Est. reading time":"1 minute"},"schema":{"@context":"https:\/\/schema.org","@graph":[{"@type":"WebPage","@id":"https:\/\/www.cave-de-monsegur.com\/zh-hans\/professionnels\/","url":"https:\/\/www.cave-de-monsegur.com\/zh-hans\/professionnels\/","name":"\u4e13\u5bb6 - Les Vignerons R\u00e9unis de Mons\u00e9gur","isPartOf":{"@id":"https:\/\/www.cave-de-monsegur.com\/en\/#website"},"datePublished":"2016-11-25T13:51:31+00:00","dateModified":"2026-01-20T14:19:27+00:00","description":"Si vous avez la moindre question, n'h\u00e9sitez pas \u00e0 contacter l'un des membres de notre \u00e9quipe au num\u00e9ro ou \u00e0 l'adresse affich\u00e9e.","breadcrumb":{"@id":"https:\/\/www.cave-de-monsegur.com\/zh-hans\/professionnels\/#breadcrumb"},"inLanguage":"zh-CN","potentialAction":[{"@type":"ReadAction","target":["https:\/\/www.cave-de-monsegur.com\/zh-hans\/professionnels\/"]}]},{"@type":"BreadcrumbList","@id":"https:\/\/www.cave-de-monsegur.com\/zh-hans\/professionnels\/#breadcrumb","itemListElement":[{"@type":"ListItem","position":1,"name":"Accueil","item":"https:\/\/www.cave-de-monsegur.com\/zh-hans\/"},{"@type":"ListItem","position":2,"name":"\u4e13\u5bb6"}]},{"@type":"WebSite","@id":"https:\/\/www.cave-de-monsegur.com\/en\/#website","url":"https:\/\/www.cave-de-monsegur.com\/en\/","name":"Les Vignerons R\u00e9unis de Mons\u00e9gur","description":"Cave, Vin, Bordeaux, Export, ...","potentialAction":[{"@type":"SearchAction","target":{"@type":"EntryPoint","urlTemplate":"https:\/\/www.cave-de-monsegur.com\/en\/?s={search_term_string}"},"query-input":"required name=search_term_string"}],"inLanguage":"zh-CN"}]}},"_links":{"self":[{"href":"https:\/\/www.cave-de-monsegur.com\/zh-hans\/wp-json\/wp\/v2\/pages\/1588"}],"collection":[{"href":"https:\/\/www.cave-de-monsegur.com\/zh-hans\/wp-json\/wp\/v2\/pages"}],"about":[{"href":"https:\/\/www.cave-de-monsegur.com\/zh-hans\/wp-json\/wp\/v2\/types\/page"}],"author":[{"embeddable":true,"href":"https:\/\/www.cave-de-monsegur.com\/zh-hans\/wp-json\/wp\/v2\/users\/1"}],"replies":[{"embeddable":true,"href":"https:\/\/www.cave-de-monsegur.com\/zh-hans\/wp-json\/wp\/v2\/comments?post=1588"}],"version-history":[{"count":10,"href":"https:\/\/www.cave-de-monsegur.com\/zh-hans\/wp-json\/wp\/v2\/pages\/1588\/revisions"}],"predecessor-version":[{"id":2231,"href":"https:\/\/www.cave-de-monsegur.com\/zh-hans\/wp-json\/wp\/v2\/pages\/1588\/revisions\/2231"}],"wp:attachment":[{"href":"https:\/\/www.cave-de-monsegur.com\/zh-hans\/wp-json\/wp\/v2\/media?parent=1588"}],"curies":[{"name":"wp","href":"https:\/\/api.w.org\/{rel}","templated":true}]}}