{"id":1560,"date":"2016-09-12T15:13:02","date_gmt":"2016-09-12T13:13:02","guid":{"rendered":"https:\/\/www.cave-de-monsegur.com\/latelier\/"},"modified":"2017-12-10T14:55:29","modified_gmt":"2017-12-10T13:55:29","slug":"latelier","status":"publish","type":"page","link":"https:\/\/www.cave-de-monsegur.com\/zh-hans\/latelier\/","title":{"rendered":"\u6211\u4eec\u7684\u5de5\u4f5c\u5ba4\uff08OEM\/\u79c1\u4eba\u6807\u7b7e\uff09"},"content":{"rendered":"<section class=\"wpb-content-wrapper\"><p>[vc_row el_class=&#8221;contenutexte&#8221;][vc_column][vc_row_inner][vc_column_inner][vc_column_text]<\/p>\n<p style=\"text-align: center;\">\u6211\u4eec\u7684\u5de5\u4f5c\u5ba4\u63d0\u4f9b<strong>\u54c1\u724c\u7b56\u7565\u3001\u54c1\u724c\u5206\u6790\u548c\u54c1\u724c\u5efa\u8bbe\u89e3\u51b3\u65b9\u6848\uff0c<\/strong>\u5e2e\u52a9\u6211\u4eec\u7684\u5ba2\u6237\u521b\u9020\u4ed6\u4eec\u81ea\u5df1\u7684\u54c1\u724c\uff01<\/p>\n<p style=\"text-align: center;\">Gr\u5f97\u76ca\u4e8e\u5546\u4e1a\u548c\u5e02\u573a\u8425\u9500\u7684\u4e13\u4e1a\u77e5\u8bc6\u4ee5\u53ca\u548c\u4f9b\u5e94\u5546\u7684\u7262\u56fa\u5173\u7cfb\uff0c\u6211\u4eec\u7684\u5de5\u4f5c\u5ba4\u63d0\u4f9b<strong>\u8d2f\u7a7f\u6574\u4e2a\u9879\u76ee\u7684\u652f\u6301<\/strong>\uff1a\u5728\u591a\u4e2a\u6863\u6848\u4e2d\u6311\u9009\u8461\u8404\u9152\u54c1\u8d28\u3001\u79c1\u4eba\u6807\u7b7eOEM\u8bbe\u8ba1\u3001\u5305\u88c5\u5f00\u53d1\uff08\u74f6\u8eab\u6311\u9009\u3001\u8d34\u6807\u3001\u74f6\u5957\u9009\u62e9\u3001\u76d2\u5b50&#8230;\uff09\u3001\u5236\u4f5c\u4ee5\u53ca\u7269\u6d41\u3002<\/p>\n<p>[\/vc_column_text][\/vc_column_inner][\/vc_row_inner][\/vc_column][\/vc_row][vc_row el_class=&#8221;contenutexte&#8221; css=&#8221;.vc_custom_1484067990311{margin-bottom: 40px !important;}&#8221;][vc_column width=&#8221;1\/3&#8243;][vc_column_text]<\/p>\n<h3 style=\"text-align: center;\">\u5b9a\u5236\u8bbe\u8ba1<\/h3>\n<p>[\/vc_column_text][vc_column_text]-\u6211\u4eec\u7684\u5ba2\u6237\u53ef\u5728\u6211\u4eec\u7ecf\u5e38\u6311\u9009\u7684\u54c1\u724c\u548c\u5728\u6211\u4eec\u76ee\u5f55\u4e2d\u53d1\u73b0\u7684\u6807\u7b7e\u9009\u62e9[\/vc_column_text][vc_column_text]- \u5171\u540c\u534f\u4f5c\u521b\u9020\u5168\u65b0\u7684\u54c1\u724c[\/vc_column_text][vc_column_text]- \u6216\u878d\u5408\u5ba2\u6237\u81ea\u5df1\u7684\u8bbe\u8ba1\uff0c\u534f\u540c\u5f00\u53d1[\/vc_column_text][\/vc_column][vc_column width=&#8221;1\/3&#8243;][vc_column_text]<\/p>\n<h3 style=\"text-align: center;\">\u5feb\u901f&amp;\u9ad8\u6548<\/h3>\n<p style=\"text-align: center;\">\u5f97\u76ca\u4e8e\u4e0e\u5370\u5237\u5382\u7262\u56fa\u7684\u5408\u4f5c\u5173\u7cfb\uff0c\u6211\u4eec\u80fd\u57287\u4e2a\u5de5\u4f5c\u65e5\u5185\u521b\u4f5c\u65b0\u7684\u6807\u7b7e\u3002<\/p>\n<p>[\/vc_column_text][vc_column_text]<\/p>\n<p style=\"text-align: center;\">\u5728\u786e\u8ba4\u8ba2\u5355\u548c\u6807\u7b7e\u8bbe\u8ba1\u540e\uff0c\u60a8\u7684\u8461\u8404\u9152\u5236\u4f5c\u53ef\u57283\u5468\u5185\u6267\u884c\u3002<\/p>\n<p>[\/vc_column_text][\/vc_column][vc_column width=&#8221;1\/3&#8243;][vc_column_text]<\/p>\n<h3 style=\"text-align: center;\">\u6781\u5927\u7684\u7075\u6d3b\u5ea6<\/h3>\n<p style=\"text-align: center;\">\u6ca1\u6709\u6700\u5c0f\u8ba2\u8d2d\u91cf\uff0c\u6211\u4eec\u53ef\u4ee5\u5feb\u901f\u4e3a\u60a8\u3001\u60a8\u7684\u7ecf\u9500\u5546\u548c\u5ba2\u6237\u63d0\u4f9b\u534f\u52a9\u3002<\/p>\n<p>[\/vc_column_text][\/vc_column][\/vc_row][vc_row][vc_column][vc_single_image image=&#8221;406&#8243; img_size=&#8221;large&#8221; alignment=&#8221;center&#8221;][\/vc_column][\/vc_row][vc_row css=&#8221;.vc_custom_1479926842342{margin-top: 50px !important;}&#8221;][vc_column][vc_btn title=&#8221;\u67e5\u770b\u66f4\u591a\u6848\u4f8b&#8221; style=&#8221;classic&#8221; shape=&#8221;square&#8221; color=&#8221;black&#8221; align=&#8221;center&#8221; custom_onclick=&#8221;true&#8221; custom_onclick_code=&#8221;$(&#8220;#ateliermarque&#8220;).slideToggle();&#8221; link=&#8221;url:%23ancreatelier|||&#8221;][\/vc_column][\/vc_row][vc_row el_id=&#8221;ateliermarque&#8221; css=&#8221;.vc_custom_1482218473076{margin-top: 30px !important;}&#8221;][vc_column][vc_row_inner][vc_column_inner width=&#8221;1\/6&#8243;][vc_single_image image=&#8221;746&#8243; img_size=&#8221;medium&#8221; alignment=&#8221;center&#8221; onclick=&#8221;img_link_large&#8221;][\/vc_column_inner][vc_column_inner width=&#8221;1\/6&#8243;][vc_single_image image=&#8221;747&#8243; img_size=&#8221;medium&#8221; alignment=&#8221;center&#8221; onclick=&#8221;img_link_large&#8221; el_class=&#8221;lightbox&#8221;][\/vc_column_inner][vc_column_inner width=&#8221;1\/6&#8243;][vc_single_image image=&#8221;916&#8243; img_size=&#8221;medium&#8221; alignment=&#8221;center&#8221; onclick=&#8221;img_link_large&#8221;][\/vc_column_inner][vc_column_inner width=&#8221;1\/6&#8243;][vc_single_image image=&#8221;1369&#8243; img_size=&#8221;medium&#8221; alignment=&#8221;center&#8221; onclick=&#8221;img_link_large&#8221;][\/vc_column_inner][vc_column_inner width=&#8221;1\/6&#8243;][vc_single_image image=&#8221;751&#8243; img_size=&#8221;medium&#8221; alignment=&#8221;center&#8221; onclick=&#8221;img_link_large&#8221;][\/vc_column_inner][vc_column_inner width=&#8221;1\/6&#8243;][vc_single_image image=&#8221;1370&#8243; img_size=&#8221;medium&#8221; alignment=&#8221;center&#8221; onclick=&#8221;img_link_large&#8221;][\/vc_column_inner][vc_column_inner][vc_single_image image=&#8221;1368&#8243; img_size=&#8221;538&#215;300&#8243; alignment=&#8221;center&#8221; onclick=&#8221;img_link_large&#8221;][\/vc_column_inner][\/vc_row_inner][\/vc_column][\/vc_row][vc_row el_id=&#8221;ancreatelier&#8221;][vc_column][\/vc_column][\/vc_row]<\/p>\n<\/section>","protected":false},"excerpt":{"rendered":"<p>[vc_row el_class=&#8221;contenutexte&#8221;][vc_column][vc_row_inner][vc_column_inner][vc_column_text] \u6211\u4eec\u7684\u5de5\u4f5c\u5ba4\u63d0\u4f9b\u54c1\u724c\u7b56\u7565\u3001\u54c1\u724c\u5206\u6790\u548c\u54c1\u724c\u5efa\u8bbe\u89e3\u51b3\u65b9\u6848\uff0c\u5e2e\u52a9\u6211\u4eec\u7684\u5ba2\u6237\u521b\u9020\u4ed6\u4eec\u81ea\u5df1\u7684\u54c1\u724c\uff01 Gr\u5f97\u76ca\u4e8e\u5546\u4e1a\u548c\u5e02\u573a\u8425\u9500\u7684\u4e13\u4e1a\u77e5\u8bc6\u4ee5\u53ca\u548c\u4f9b\u5e94\u5546\u7684\u7262\u56fa\u5173\u7cfb\uff0c\u6211\u4eec\u7684\u5de5\u4f5c\u5ba4\u63d0\u4f9b\u8d2f\u7a7f\u6574\u4e2a\u9879\u76ee\u7684\u652f\u6301\uff1a\u5728\u591a\u4e2a\u6863\u6848\u4e2d\u6311\u9009\u8461\u8404\u9152\u54c1\u8d28\u3001\u79c1\u4eba\u6807\u7b7eOEM\u8bbe\u8ba1\u3001\u5305\u88c5\u5f00\u53d1\uff08\u74f6\u8eab\u6311\u9009\u3001\u8d34\u6807\u3001\u74f6\u5957\u9009\u62e9\u3001\u76d2\u5b50&#8230;\uff09\u3001\u5236\u4f5c\u4ee5\u53ca\u7269\u6d41\u3002 [\/vc_column_text][\/vc_column_inner][\/vc_row_inner][\/vc_column][\/vc_row][vc_row el_class=&#8221;contenutexte&#8221; css=&#8221;.vc_custom_1484067990311{margin-bottom: 40px !important;}&#8221;][vc_column width=&#8221;1\/3&#8243;][vc_column_text] \u5b9a\u5236\u8bbe\u8ba1 [\/vc_column_text][vc_column_text]-\u6211\u4eec\u7684\u5ba2\u6237\u53ef\u5728\u6211\u4eec\u7ecf\u5e38\u6311\u9009\u7684\u54c1\u724c\u548c\u5728\u6211\u4eec\u76ee\u5f55\u4e2d\u53d1\u73b0\u7684\u6807\u7b7e\u9009\u62e9[\/vc_column_text][vc_column_text]- \u5171\u540c\u534f\u4f5c\u521b\u9020\u5168\u65b0\u7684\u54c1\u724c[\/vc_column_text][vc_column_text]- \u6216\u878d\u5408\u5ba2\u6237\u81ea\u5df1\u7684\u8bbe\u8ba1\uff0c\u534f\u540c\u5f00\u53d1[\/vc_column_text][\/vc_column][vc_column width=&#8221;1\/3&#8243;][vc_column_text] \u5feb\u901f&amp;\u9ad8\u6548 \u5f97\u76ca\u4e8e\u4e0e\u5370\u5237\u5382\u7262\u56fa\u7684\u5408\u4f5c\u5173\u7cfb\uff0c\u6211\u4eec\u80fd\u57287\u4e2a\u5de5\u4f5c\u65e5\u5185\u521b\u4f5c\u65b0\u7684\u6807\u7b7e\u3002 [\/vc_column_text][vc_column_text] \u5728\u786e\u8ba4\u8ba2\u5355\u548c\u6807\u7b7e\u8bbe\u8ba1\u540e\uff0c\u60a8\u7684\u8461\u8404\u9152\u5236\u4f5c\u53ef\u57283\u5468\u5185\u6267\u884c\u3002 [\/vc_column_text][\/vc_column][vc_column width=&#8221;1\/3&#8243;][vc_column_text] \u6781\u5927\u7684\u7075\u6d3b\u5ea6 \u6ca1\u6709\u6700\u5c0f\u8ba2\u8d2d\u91cf\uff0c\u6211\u4eec\u53ef\u4ee5\u5feb\u901f\u4e3a\u60a8\u3001\u60a8\u7684\u7ecf\u9500\u5546\u548c\u5ba2\u6237\u63d0\u4f9b\u534f\u52a9\u3002 [\/vc_column_text][\/vc_column][\/vc_row][vc_row][vc_column][vc_single_image image=&#8221;406&#8243; img_size=&#8221;large&#8221; alignment=&#8221;center&#8221;][\/vc_column][\/vc_row][vc_row css=&#8221;.vc_custom_1479926842342{margin-top: 50px !important;}&#8221;][vc_column][vc_btn title=&#8221;\u67e5\u770b\u66f4\u591a\u6848\u4f8b&#8221; style=&#8221;classic&#8221; shape=&#8221;square&#8221; color=&#8221;black&#8221; align=&#8221;center&#8221; custom_onclick=&#8221;true&#8221; custom_onclick_code=&#8221;$(&#8220;#ateliermarque&#8220;).slideToggle();&#8221; link=&#8221;url:%23ancreatelier|||&#8221;][\/vc_column][\/vc_row][vc_row el_id=&#8221;ateliermarque&#8221; css=&#8221;.vc_custom_1482218473076{margin-top: 30px !important;}&#8221;][vc_column][vc_row_inner][vc_column_inner width=&#8221;1\/6&#8243;][vc_single_image image=&#8221;746&#8243; img_size=&#8221;medium&#8221; alignment=&#8221;center&#8221; onclick=&#8221;img_link_large&#8221;][\/vc_column_inner][vc_column_inner width=&#8221;1\/6&#8243;][vc_single_image image=&#8221;747&#8243; img_size=&#8221;medium&#8221; alignment=&#8221;center&#8221; onclick=&#8221;img_link_large&#8221; el_class=&#8221;lightbox&#8221;][\/vc_column_inner][vc_column_inner width=&#8221;1\/6&#8243;][vc_single_image image=&#8221;916&#8243; [&hellip;]<\/p>\n","protected":false},"author":1,"featured_media":0,"parent":0,"menu_order":0,"comment_status":"closed","ping_status":"closed","template":"template-default.php","meta":[],"acf":[],"yoast_head":"<!-- This site is optimized with the Yoast SEO plugin v19.10 - https:\/\/yoast.com\/wordpress\/plugins\/seo\/ -->\n<title>\u6211\u4eec\u7684\u5de5\u4f5c\u5ba4\uff08OEM\/\u79c1\u4eba\u6807\u7b7e\uff09 - Les Vignerons R\u00e9unis de Mons\u00e9gur<\/title>\n<meta name=\"description\" content=\"Notre expertise commerciale et marketing ainsi que nos partenariats avec les diff\u00e9rents fournisseurs vous permettront de r\u00e9aliser vos projets.\" \/>\n<meta name=\"robots\" content=\"index, follow, max-snippet:-1, max-image-preview:large, max-video-preview:-1\" \/>\n<link rel=\"canonical\" href=\"https:\/\/www.cave-de-monsegur.com\/zh-hans\/latelier\/\" \/>\n<meta property=\"og:locale\" content=\"zh_CN\" \/>\n<meta property=\"og:type\" content=\"article\" \/>\n<meta property=\"og:title\" content=\"\u6211\u4eec\u7684\u5de5\u4f5c\u5ba4\uff08OEM\/\u79c1\u4eba\u6807\u7b7e\uff09 - Les Vignerons R\u00e9unis de Mons\u00e9gur\" \/>\n<meta property=\"og:description\" content=\"Notre expertise commerciale et marketing ainsi que nos partenariats avec les diff\u00e9rents fournisseurs vous permettront de r\u00e9aliser vos projets.\" \/>\n<meta property=\"og:url\" content=\"https:\/\/www.cave-de-monsegur.com\/zh-hans\/latelier\/\" \/>\n<meta property=\"og:site_name\" content=\"Les Vignerons R\u00e9unis de Mons\u00e9gur\" \/>\n<meta property=\"article:modified_time\" content=\"2017-12-10T13:55:29+00:00\" \/>\n<meta name=\"twitter:card\" content=\"summary_large_image\" \/>\n<meta name=\"twitter:label1\" content=\"Est. reading time\" \/>\n\t<meta name=\"twitter:data1\" content=\"2 minutes\" \/>\n<script type=\"application\/ld+json\" class=\"yoast-schema-graph\">{\"@context\":\"https:\/\/schema.org\",\"@graph\":[{\"@type\":\"WebPage\",\"@id\":\"https:\/\/www.cave-de-monsegur.com\/zh-hans\/latelier\/\",\"url\":\"https:\/\/www.cave-de-monsegur.com\/zh-hans\/latelier\/\",\"name\":\"\u6211\u4eec\u7684\u5de5\u4f5c\u5ba4\uff08OEM\/\u79c1\u4eba\u6807\u7b7e\uff09 - Les Vignerons R\u00e9unis de Mons\u00e9gur\",\"isPartOf\":{\"@id\":\"https:\/\/www.cave-de-monsegur.com\/en\/#website\"},\"datePublished\":\"2016-09-12T13:13:02+00:00\",\"dateModified\":\"2017-12-10T13:55:29+00:00\",\"description\":\"Notre expertise commerciale et marketing ainsi que nos partenariats avec les diff\u00e9rents fournisseurs vous permettront de r\u00e9aliser vos projets.\",\"breadcrumb\":{\"@id\":\"https:\/\/www.cave-de-monsegur.com\/zh-hans\/latelier\/#breadcrumb\"},\"inLanguage\":\"zh-CN\",\"potentialAction\":[{\"@type\":\"ReadAction\",\"target\":[\"https:\/\/www.cave-de-monsegur.com\/zh-hans\/latelier\/\"]}]},{\"@type\":\"BreadcrumbList\",\"@id\":\"https:\/\/www.cave-de-monsegur.com\/zh-hans\/latelier\/#breadcrumb\",\"itemListElement\":[{\"@type\":\"ListItem\",\"position\":1,\"name\":\"Accueil\",\"item\":\"https:\/\/www.cave-de-monsegur.com\/zh-hans\/\"},{\"@type\":\"ListItem\",\"position\":2,\"name\":\"\u6211\u4eec\u7684\u5de5\u4f5c\u5ba4\uff08OEM\/\u79c1\u4eba\u6807\u7b7e\uff09\"}]},{\"@type\":\"WebSite\",\"@id\":\"https:\/\/www.cave-de-monsegur.com\/en\/#website\",\"url\":\"https:\/\/www.cave-de-monsegur.com\/en\/\",\"name\":\"Les Vignerons R\u00e9unis de Mons\u00e9gur\",\"description\":\"Cave, Vin, Bordeaux, Export, ...\",\"potentialAction\":[{\"@type\":\"SearchAction\",\"target\":{\"@type\":\"EntryPoint\",\"urlTemplate\":\"https:\/\/www.cave-de-monsegur.com\/en\/?s={search_term_string}\"},\"query-input\":\"required name=search_term_string\"}],\"inLanguage\":\"zh-CN\"}]}<\/script>\n<!-- \/ Yoast SEO plugin. -->","yoast_head_json":{"title":"\u6211\u4eec\u7684\u5de5\u4f5c\u5ba4\uff08OEM\/\u79c1\u4eba\u6807\u7b7e\uff09 - Les Vignerons R\u00e9unis de Mons\u00e9gur","description":"Notre expertise commerciale et marketing ainsi que nos partenariats avec les diff\u00e9rents fournisseurs vous permettront de r\u00e9aliser vos projets.","robots":{"index":"index","follow":"follow","max-snippet":"max-snippet:-1","max-image-preview":"max-image-preview:large","max-video-preview":"max-video-preview:-1"},"canonical":"https:\/\/www.cave-de-monsegur.com\/zh-hans\/latelier\/","og_locale":"zh_CN","og_type":"article","og_title":"\u6211\u4eec\u7684\u5de5\u4f5c\u5ba4\uff08OEM\/\u79c1\u4eba\u6807\u7b7e\uff09 - Les Vignerons R\u00e9unis de Mons\u00e9gur","og_description":"Notre expertise commerciale et marketing ainsi que nos partenariats avec les diff\u00e9rents fournisseurs vous permettront de r\u00e9aliser vos projets.","og_url":"https:\/\/www.cave-de-monsegur.com\/zh-hans\/latelier\/","og_site_name":"Les Vignerons R\u00e9unis de Mons\u00e9gur","article_modified_time":"2017-12-10T13:55:29+00:00","twitter_card":"summary_large_image","twitter_misc":{"Est. reading time":"2 minutes"},"schema":{"@context":"https:\/\/schema.org","@graph":[{"@type":"WebPage","@id":"https:\/\/www.cave-de-monsegur.com\/zh-hans\/latelier\/","url":"https:\/\/www.cave-de-monsegur.com\/zh-hans\/latelier\/","name":"\u6211\u4eec\u7684\u5de5\u4f5c\u5ba4\uff08OEM\/\u79c1\u4eba\u6807\u7b7e\uff09 - Les Vignerons R\u00e9unis de Mons\u00e9gur","isPartOf":{"@id":"https:\/\/www.cave-de-monsegur.com\/en\/#website"},"datePublished":"2016-09-12T13:13:02+00:00","dateModified":"2017-12-10T13:55:29+00:00","description":"Notre expertise commerciale et marketing ainsi que nos partenariats avec les diff\u00e9rents fournisseurs vous permettront de r\u00e9aliser vos projets.","breadcrumb":{"@id":"https:\/\/www.cave-de-monsegur.com\/zh-hans\/latelier\/#breadcrumb"},"inLanguage":"zh-CN","potentialAction":[{"@type":"ReadAction","target":["https:\/\/www.cave-de-monsegur.com\/zh-hans\/latelier\/"]}]},{"@type":"BreadcrumbList","@id":"https:\/\/www.cave-de-monsegur.com\/zh-hans\/latelier\/#breadcrumb","itemListElement":[{"@type":"ListItem","position":1,"name":"Accueil","item":"https:\/\/www.cave-de-monsegur.com\/zh-hans\/"},{"@type":"ListItem","position":2,"name":"\u6211\u4eec\u7684\u5de5\u4f5c\u5ba4\uff08OEM\/\u79c1\u4eba\u6807\u7b7e\uff09"}]},{"@type":"WebSite","@id":"https:\/\/www.cave-de-monsegur.com\/en\/#website","url":"https:\/\/www.cave-de-monsegur.com\/en\/","name":"Les Vignerons R\u00e9unis de Mons\u00e9gur","description":"Cave, Vin, Bordeaux, Export, ...","potentialAction":[{"@type":"SearchAction","target":{"@type":"EntryPoint","urlTemplate":"https:\/\/www.cave-de-monsegur.com\/en\/?s={search_term_string}"},"query-input":"required name=search_term_string"}],"inLanguage":"zh-CN"}]}},"_links":{"self":[{"href":"https:\/\/www.cave-de-monsegur.com\/zh-hans\/wp-json\/wp\/v2\/pages\/1560"}],"collection":[{"href":"https:\/\/www.cave-de-monsegur.com\/zh-hans\/wp-json\/wp\/v2\/pages"}],"about":[{"href":"https:\/\/www.cave-de-monsegur.com\/zh-hans\/wp-json\/wp\/v2\/types\/page"}],"author":[{"embeddable":true,"href":"https:\/\/www.cave-de-monsegur.com\/zh-hans\/wp-json\/wp\/v2\/users\/1"}],"replies":[{"embeddable":true,"href":"https:\/\/www.cave-de-monsegur.com\/zh-hans\/wp-json\/wp\/v2\/comments?post=1560"}],"version-history":[{"count":3,"href":"https:\/\/www.cave-de-monsegur.com\/zh-hans\/wp-json\/wp\/v2\/pages\/1560\/revisions"}],"predecessor-version":[{"id":1563,"href":"https:\/\/www.cave-de-monsegur.com\/zh-hans\/wp-json\/wp\/v2\/pages\/1560\/revisions\/1563"}],"wp:attachment":[{"href":"https:\/\/www.cave-de-monsegur.com\/zh-hans\/wp-json\/wp\/v2\/media?parent=1560"}],"curies":[{"name":"wp","href":"https:\/\/api.w.org\/{rel}","templated":true}]}}