{"id":1518,"date":"2016-09-12T15:13:37","date_gmt":"2016-09-12T13:13:37","guid":{"rendered":"https:\/\/www.cave-de-monsegur.com\/actualites\/"},"modified":"2017-12-10T15:44:30","modified_gmt":"2017-12-10T14:44:30","slug":"actualites","status":"publish","type":"page","link":"https:\/\/www.cave-de-monsegur.com\/zh-hans\/actualites\/","title":{"rendered":"\u65b0\u95fb"},"content":{"rendered":"<section class=\"wpb-content-wrapper\"><p>[vc_row][vc_column][\/vc_column][\/vc_row][vc_row][vc_column][\/vc_column][\/vc_row]<\/p>\n<\/section>","protected":false},"excerpt":{"rendered":"<p>[vc_row][vc_column][\/vc_column][\/vc_row][vc_row][vc_column][\/vc_column][\/vc_row]<\/p>\n","protected":false},"author":1,"featured_media":0,"parent":0,"menu_order":0,"comment_status":"closed","ping_status":"closed","template":"template-news.php","meta":[],"acf":[],"yoast_head":"<!-- This site is optimized with the Yoast SEO plugin v19.10 - https:\/\/yoast.com\/wordpress\/plugins\/seo\/ -->\n<title>\u65b0\u95fb - Les Vignerons R\u00e9unis de Mons\u00e9gur<\/title>\n<meta name=\"description\" content=\"Suivez les nombreuses actualit\u00e9s de la cave de Mons\u00e9gur. Nous serons pr\u00e9sents aux divers salons du vin en France et \u00e0 l&#039;\u00e9tranger.\" \/>\n<meta name=\"robots\" content=\"index, follow, max-snippet:-1, max-image-preview:large, max-video-preview:-1\" \/>\n<link rel=\"canonical\" href=\"https:\/\/www.cave-de-monsegur.com\/zh-hans\/actualites\/\" \/>\n<meta property=\"og:locale\" content=\"zh_CN\" \/>\n<meta property=\"og:type\" content=\"article\" \/>\n<meta property=\"og:title\" content=\"\u65b0\u95fb - Les Vignerons R\u00e9unis de Mons\u00e9gur\" \/>\n<meta property=\"og:description\" content=\"Suivez les nombreuses actualit\u00e9s de la cave de Mons\u00e9gur. Nous serons pr\u00e9sents aux divers salons du vin en France et \u00e0 l&#039;\u00e9tranger.\" \/>\n<meta property=\"og:url\" content=\"https:\/\/www.cave-de-monsegur.com\/zh-hans\/actualites\/\" \/>\n<meta property=\"og:site_name\" content=\"Les Vignerons R\u00e9unis de Mons\u00e9gur\" \/>\n<meta property=\"article:modified_time\" content=\"2017-12-10T14:44:30+00:00\" \/>\n<meta name=\"twitter:card\" content=\"summary_large_image\" \/>\n<script type=\"application\/ld+json\" class=\"yoast-schema-graph\">{\"@context\":\"https:\/\/schema.org\",\"@graph\":[{\"@type\":\"WebPage\",\"@id\":\"https:\/\/www.cave-de-monsegur.com\/zh-hans\/actualites\/\",\"url\":\"https:\/\/www.cave-de-monsegur.com\/zh-hans\/actualites\/\",\"name\":\"\u65b0\u95fb - Les Vignerons R\u00e9unis de Mons\u00e9gur\",\"isPartOf\":{\"@id\":\"https:\/\/www.cave-de-monsegur.com\/en\/#website\"},\"datePublished\":\"2016-09-12T13:13:37+00:00\",\"dateModified\":\"2017-12-10T14:44:30+00:00\",\"description\":\"Suivez les nombreuses actualit\u00e9s de la cave de Mons\u00e9gur. Nous serons pr\u00e9sents aux divers salons du vin en France et \u00e0 l'\u00e9tranger.\",\"breadcrumb\":{\"@id\":\"https:\/\/www.cave-de-monsegur.com\/zh-hans\/actualites\/#breadcrumb\"},\"inLanguage\":\"zh-CN\",\"potentialAction\":[{\"@type\":\"ReadAction\",\"target\":[\"https:\/\/www.cave-de-monsegur.com\/zh-hans\/actualites\/\"]}]},{\"@type\":\"BreadcrumbList\",\"@id\":\"https:\/\/www.cave-de-monsegur.com\/zh-hans\/actualites\/#breadcrumb\",\"itemListElement\":[{\"@type\":\"ListItem\",\"position\":1,\"name\":\"Accueil\",\"item\":\"https:\/\/www.cave-de-monsegur.com\/zh-hans\/\"},{\"@type\":\"ListItem\",\"position\":2,\"name\":\"\u65b0\u95fb\"}]},{\"@type\":\"WebSite\",\"@id\":\"https:\/\/www.cave-de-monsegur.com\/en\/#website\",\"url\":\"https:\/\/www.cave-de-monsegur.com\/en\/\",\"name\":\"Les Vignerons R\u00e9unis de Mons\u00e9gur\",\"description\":\"Cave, Vin, Bordeaux, Export, ...\",\"potentialAction\":[{\"@type\":\"SearchAction\",\"target\":{\"@type\":\"EntryPoint\",\"urlTemplate\":\"https:\/\/www.cave-de-monsegur.com\/en\/?s={search_term_string}\"},\"query-input\":\"required name=search_term_string\"}],\"inLanguage\":\"zh-CN\"}]}<\/script>\n<!-- \/ Yoast SEO plugin. -->","yoast_head_json":{"title":"\u65b0\u95fb - Les Vignerons R\u00e9unis de Mons\u00e9gur","description":"Suivez les nombreuses actualit\u00e9s de la cave de Mons\u00e9gur. Nous serons pr\u00e9sents aux divers salons du vin en France et \u00e0 l'\u00e9tranger.","robots":{"index":"index","follow":"follow","max-snippet":"max-snippet:-1","max-image-preview":"max-image-preview:large","max-video-preview":"max-video-preview:-1"},"canonical":"https:\/\/www.cave-de-monsegur.com\/zh-hans\/actualites\/","og_locale":"zh_CN","og_type":"article","og_title":"\u65b0\u95fb - Les Vignerons R\u00e9unis de Mons\u00e9gur","og_description":"Suivez les nombreuses actualit\u00e9s de la cave de Mons\u00e9gur. Nous serons pr\u00e9sents aux divers salons du vin en France et \u00e0 l'\u00e9tranger.","og_url":"https:\/\/www.cave-de-monsegur.com\/zh-hans\/actualites\/","og_site_name":"Les Vignerons R\u00e9unis de Mons\u00e9gur","article_modified_time":"2017-12-10T14:44:30+00:00","twitter_card":"summary_large_image","schema":{"@context":"https:\/\/schema.org","@graph":[{"@type":"WebPage","@id":"https:\/\/www.cave-de-monsegur.com\/zh-hans\/actualites\/","url":"https:\/\/www.cave-de-monsegur.com\/zh-hans\/actualites\/","name":"\u65b0\u95fb - Les Vignerons R\u00e9unis de Mons\u00e9gur","isPartOf":{"@id":"https:\/\/www.cave-de-monsegur.com\/en\/#website"},"datePublished":"2016-09-12T13:13:37+00:00","dateModified":"2017-12-10T14:44:30+00:00","description":"Suivez les nombreuses actualit\u00e9s de la cave de Mons\u00e9gur. Nous serons pr\u00e9sents aux divers salons du vin en France et \u00e0 l'\u00e9tranger.","breadcrumb":{"@id":"https:\/\/www.cave-de-monsegur.com\/zh-hans\/actualites\/#breadcrumb"},"inLanguage":"zh-CN","potentialAction":[{"@type":"ReadAction","target":["https:\/\/www.cave-de-monsegur.com\/zh-hans\/actualites\/"]}]},{"@type":"BreadcrumbList","@id":"https:\/\/www.cave-de-monsegur.com\/zh-hans\/actualites\/#breadcrumb","itemListElement":[{"@type":"ListItem","position":1,"name":"Accueil","item":"https:\/\/www.cave-de-monsegur.com\/zh-hans\/"},{"@type":"ListItem","position":2,"name":"\u65b0\u95fb"}]},{"@type":"WebSite","@id":"https:\/\/www.cave-de-monsegur.com\/en\/#website","url":"https:\/\/www.cave-de-monsegur.com\/en\/","name":"Les Vignerons R\u00e9unis de Mons\u00e9gur","description":"Cave, Vin, Bordeaux, Export, ...","potentialAction":[{"@type":"SearchAction","target":{"@type":"EntryPoint","urlTemplate":"https:\/\/www.cave-de-monsegur.com\/en\/?s={search_term_string}"},"query-input":"required name=search_term_string"}],"inLanguage":"zh-CN"}]}},"_links":{"self":[{"href":"https:\/\/www.cave-de-monsegur.com\/zh-hans\/wp-json\/wp\/v2\/pages\/1518"}],"collection":[{"href":"https:\/\/www.cave-de-monsegur.com\/zh-hans\/wp-json\/wp\/v2\/pages"}],"about":[{"href":"https:\/\/www.cave-de-monsegur.com\/zh-hans\/wp-json\/wp\/v2\/types\/page"}],"author":[{"embeddable":true,"href":"https:\/\/www.cave-de-monsegur.com\/zh-hans\/wp-json\/wp\/v2\/users\/1"}],"replies":[{"embeddable":true,"href":"https:\/\/www.cave-de-monsegur.com\/zh-hans\/wp-json\/wp\/v2\/comments?post=1518"}],"version-history":[{"count":2,"href":"https:\/\/www.cave-de-monsegur.com\/zh-hans\/wp-json\/wp\/v2\/pages\/1518\/revisions"}],"predecessor-version":[{"id":1573,"href":"https:\/\/www.cave-de-monsegur.com\/zh-hans\/wp-json\/wp\/v2\/pages\/1518\/revisions\/1573"}],"wp:attachment":[{"href":"https:\/\/www.cave-de-monsegur.com\/zh-hans\/wp-json\/wp\/v2\/media?parent=1518"}],"curies":[{"name":"wp","href":"https:\/\/api.w.org\/{rel}","templated":true}]}}