{"id":1498,"date":"2016-09-12T15:11:37","date_gmt":"2016-09-12T13:11:37","guid":{"rendered":"https:\/\/www.cave-de-monsegur.com\/lentreprise\/"},"modified":"2023-06-30T16:28:28","modified_gmt":"2023-06-30T14:28:28","slug":"lentreprise","status":"publish","type":"page","link":"https:\/\/www.cave-de-monsegur.com\/zh-hans\/lentreprise\/","title":{"rendered":"\u917f\u9152\u5382"},"content":{"rendered":"<section class=\"wpb-content-wrapper\"><p>[vc_row][vc_column][vc_column_text]<\/p>\n<h4 style=\"text-align: center;\">\u5386\u53f2<\/h4>\n<p>[\/vc_column_text][\/vc_column][\/vc_row][vc_row el_class=&#8221;contenutexte centrage&#8221;][vc_column offset=&#8221;vc_col-lg-6 vc_col-md-6 vc_col-xs-12&#8243;][vc_row_inner el_class=&#8221;contenutexte centrage&#8221;][vc_column_inner][vc_column_text]<\/p>\n<p style=\"text-align: center;\">1936\u5e74\uff0c\u4e00\u5c0f\u7fa4\u6765\u81ea\u4f4d\u4e8e\u6ce2\u5c14\u591a\u4e2d\u5fc3\u5730\u533a\u8499\u585e\u53e4\u5c14\u5c0f\u9547\u7684\u8461\u8404\u79cd\u690d\u8005\u5f00\u5c55\u5408\u4f5c\uff0c\u643a\u624b\u514b\u670d\u8461\u8404\u9152\u884c\u4e1a\u7684\u7ecf\u6d4e\u56f0\u96be\uff0c\u5e76\u4fc3\u8fdb\u8461\u8404\u9152\u917f\u9020\u5de5\u827a\u7684\u73b0\u4ee3\u5316\u3002\u4ed6\u4eec\u5efa\u7acb\u4e86\u547d\u540d\u4e3a\u201c\u8499\u585e\u53e4\u5c14\u8461\u8404\u9152\u5e84\u8054\u5408\u4f53\u201d\u7684\u5408\u4f5c\u793e\u3002\u5927\u7ea61\u4e2a\u4e16\u7eaa\u4ee5\u540e\uff0c\u5408\u4f5c\u793e\u6709170\u591a\u540d\u6210\u5458\uff0c\u7686\u79c9\u627f\u7956\u8f88\u540c\u6837\u7684\u7cbe\u795e\uff0c\u5373\u56e2\u7ed3\u548c\u575a\u97e7\u3002<\/p>\n<p>[\/vc_column_text][vc_btn title=&#8221;\u66f4\u591a&#8221; style=&#8221;classic&#8221; shape=&#8221;square&#8221; color=&#8221;black&#8221; align=&#8221;center&#8221; custom_onclick=&#8221;true&#8221; custom_onclick_code=&#8221;$(&#8220;#histoireplus&#8220;).slideToggle();&#8221;][\/vc_column_inner][\/vc_row_inner][\/vc_column][vc_column offset=&#8221;vc_col-lg-6 vc_col-md-6 vc_col-xs-12&#8243;][vc_single_image image=&#8221;723&#8243; img_size=&#8221;full&#8221; alignment=&#8221;center&#8221;][\/vc_column][\/vc_row][vc_row el_id=&#8221;histoireplus&#8221; el_class=&#8221;contenutexte&#8221;][vc_column][vc_column_text]<\/p>\n<h3 style=\"text-align: center;\">\u666e\u7f57\u65fa\u65af\u2022\u57c3\u8389\u8bfa\uff1a\u738b\u540e\u7684\u55dc\u597d<\/h3>\n<p style=\"text-align: center;\">13\u4e16\u7eaa\uff0c\u82f1\u56fd\u56fd\u738b\u91d1\u96c0\u82b1\u738b\u671d\u4ea8\u5229\u4e09\u4e16\u7684\u59bb\u5b50\u666e\u7f57\u65fa\u65af\u2022\u57c3\u8389\u8bfa\u548c\u963f\u57fa\u5766\u516c\u7235\u5efa\u7acb\u4e86\u8499\u585e\u53e4\u5c14\uff08Mons\u00e9gur\uff09\u8bbe\u9632\u57ce\u9547\u3002\u4ed6\u4eec\u5c24\u5176\u559c\u7231\u8fd9\u4e00\u5730\u533a\u4ee5\u53ca\u5b83\u7684\u7f8e\u98df\u7279\u8272\uff0c\u8fd9\u6fc0\u53d1\u4e86\u8461\u8404\u9152\u6587\u5316\u7684\u53d1\u5c55\u3002\u666e\u7f57\u65fa\u65af\u683c\u5916\u559c\u6b22\u5728\u957f\u9014\u65c5\u884c\u540e\uff0c\u53ef\u4ee5\u4eab\u53d7\u7f8e\u9152\u548c\u7f8e\u98df\u7684\u5c0f\u9547\u3002<\/p>\n<p>[\/vc_column_text][vc_column_text]<\/p>\n<h3 style=\"text-align: center;\">1929-\u00ad1934 : \u5fc5\u8981\u6027<\/h3>\n<p style=\"text-align: center;\">20\u4e16\u7eaa30\u5e74\u4ee3\u521d\u671f\uff0c\u8461\u8404\u9152\u5371\u673a\u4fc3\u4f7f\u5c0f\u8461\u8404\u79cd\u690d\u8005\u601d\u8003\u65b0\u7684\u89e3\u51b3\u65b9\u6cd5\u30021929\u5e74\u7684\u7ecf\u6d4e\u5371\u673a\u5bfc\u81f4\u4ef7\u683c\u4e0b\u8dcc\uff0c\u6700\u8fd1\u7684\u6536\u6210\u8d28\u91cf\u548c\u6570\u91cf\u90fd\u4e0d\u5c3d\u5982\u4eba\u610f\uff0c\u4fc3\u4f7f\u8461\u8404\u9152\u917f\u9152\u5546\u627f\u8ba4\u6539\u9769\u7684\u91cd\u8981\u6027\uff0c\u5e76\u4e0d\u65ad\u53d1\u5c55\u5de5\u827a\uff0c\u4f7f\u7528\u66f4\u79d1\u5b66\uff0c\u66f4\u9ad8\u79d1\u6280\u7684\u8461\u8404\u56ed\u517b\u62a4\u65b9\u6cd5\u3002\u56e0\u6b64\uff0c\u5c0f\u79cd\u690d\u8005\u8fdb\u884c\u91cd\u65b0\u7ec4\u5408\u4ee5\u4fbf\u4e3a\u8fd9\u4e9b\u6539\u53d8\u63d0\u4f9b\u8d44\u91d1\uff0c\u5e76\u91cd\u5efa\u8461\u8404\u56ed\u7ed3\u6784\u4ee5\u63d0\u5347\u8d28\u91cf\uff0c\u53d8\u5f97\u5c24\u4e3a\u91cd\u8981\u3002<\/p>\n<p>[\/vc_column_text][vc_column_text]<\/p>\n<h3 style=\"text-align: center;\">1936\u00a0: \u53d1\u5c55<\/h3>\n<p style=\"text-align: center;\">1935\u5e74\u76845\u670812\u65e5\uff0c\u5728\u8499\u585e\u53e4\u5c14\uff08Mons\u00e9gur\uff09\u7684\u4e00\u4e2a\u96c6\u5e02\u4e0a\uff0c\u4e00\u7fa4\u8461\u8404\u79cd\u690d\u8005\u805a\u96c6\u5728Caf\u00e9 du Commerce\u5496\u5561\u9986\uff0c\u5766\u7136\u63a5\u53d7\u5408\u4f5c\u540e\u5c06\u9762\u4e34\u7684\u5404\u79cd\u6311\u6218\u3002\u6b21\u5e74\uff0c\u8be515\u540d\u8461\u8404\u79cd\u690d\u8005\u5efa\u7acb\u4e86\u547d\u540d\u4e3a\u201c\u8499\u585e\u53e4\u5c14\u8461\u8404\u9152\u5e84\u8054\u5408\u4f53\u201d\u7684\u5408\u4f5c\u793e\uff0c\u5e76\u6536\u83b7\u4e86\u9996\u6b21\u4e30\u6536\u3002\u7531\u4e8e\u54c1\u8d28\u548c\u7ecf\u6d4e\u4e0a\u7684\u6210\u529f\uff0c\u5176\u4ed6\u8461\u8404\u79cd\u690d\u8005\u8fc5\u901f\u52a0\u5165\u4e86\u8be5\u7ec4\u7ec7\u3002<\/p>\n<p>[\/vc_column_text][vc_column_text]<\/p>\n<h3 style=\"text-align: center;\">1975 &#8211; 2009 : \u6301\u7eed\u6295\u8d44<\/h3>\n<p style=\"text-align: center;\">\u6280\u672f\u8fdb\u6b65\u548c\u6295\u8d44\uff1a\u6e29\u63a7\u4e0d\u9508\u94a2\u7f50\uff0c\u6c14\u52a8\u538b\u529b\u673a\uff0c\u6a61\u6728\u6876\u3002<\/p>\n<p>[\/vc_column_text][vc_column_text]<\/p>\n<h3 style=\"text-align: center;\">2009 : \u638c\u63e1\u547d\u8fd0<\/h3>\n<p style=\"text-align: center;\">\u548c\u6240\u6709\u5408\u4f5c\u9152\u7a96\u4e00\u6837\uff0c\u8499\u585e\u53e4\u5c14\uff08Mons\u00e9gur\uff09\u7684\u9152\u7a96\u81f3\u4eca\u4ecd\u4e13\u95e8\u751f\u4ea7\u610f\u5728\u9500\u552e\u7ed9\u6ce2\u5c14\u591a\u9152\u5546\u7684\u6876\u88c5\u5f62\u5f0f\u8461\u8404\u9152\u3002<br \/>\n2009\u5e74\uff0c\u8463\u4e8b\u4f1a\u51b3\u5b9a\u5f00\u53d1\u74f6\u88c5\u8461\u8404\u9152\u7684\u5de5\u827a\uff0c\u4ee5\u66f4\u597d\u5730\u5c55\u793a\u5408\u4f5c\u793e\u8461\u8404\u9152\u7684\u4e30\u5bcc\u77e5\u8bc6\u548c\u8d28\u91cf\u3002<\/p>\n<p>[\/vc_column_text][vc_column_text]<\/p>\n<h3 style=\"text-align: center;\">2010 : \u73b0\u4ee3\u5316\u6210\u5c31<\/h3>\n<p style=\"text-align: center;\">\u2022 \u9152\u5e84\u917f\u9152\u5de5\u827a\uff0c\u5efa\u9020\u4e00\u4e2a10000 HL\u7684\u81ea\u6392\u7f38<br \/>\n\u2022 \u4e3a\u751f\u4ea7\u73b0\u4ee3\u8461\u8404\u9152\uff0c\u91c7\u8d2d\u4e00\u4e2a\u70ed\u9884\u53d1\u9175\u6d78\u6e0d\u88c5\u7f6e<br \/>\n\u2022 \u73b0\u6709\u5efa\u7b51\u4fdd\u6e29\u5904\u7406<br \/>\n\u2022 \u4e3a\u6c14\u52a8\u538b\u529b\u548c\u53bb\u9664\u8461\u8404\u679c\u6e23\uff0c\u91cd\u7ec4\u5236\u51b7\u7cfb\u7edf<\/p>\n<p>[\/vc_column_text][vc_btn title=&#8221;\u5173\u95ed&#8221; style=&#8221;classic&#8221; shape=&#8221;square&#8221; color=&#8221;black&#8221; align=&#8221;center&#8221; custom_onclick=&#8221;true&#8221; custom_onclick_code=&#8221;$(&#8220;#histoireplus&#8220;).slideToggle();&#8221;][\/vc_column][\/vc_row][vc_row css=&#8221;.vc_custom_1483700468854{margin-top: 80px !important;}&#8221; el_class=&#8221;contenutexte&#8221;][vc_column][vc_row_inner el_class=&#8221;contenutexte&#8221; css=&#8221;.vc_custom_1484138837195{margin-bottom: 25px !important;}&#8221;][vc_column_inner][vc_column_text]<\/p>\n<h4 style=\"text-align: center;\">\u4eca\u5929<\/h4>\n<p>[\/vc_column_text][\/vc_column_inner][\/vc_row_inner][\/vc_column][\/vc_row][vc_row el_id=&#8221;caveaujd&#8221; el_class=&#8221;contenutexte centrage&#8221;][vc_column][vc_row_inner el_class=&#8221;centrage&#8221;][vc_column_inner offset=&#8221;vc_col-lg-6 vc_col-md-6 vc_col-xs-12&#8243;][vc_single_image image=&#8221;1004&#8243; img_size=&#8221;large&#8221; alignment=&#8221;center&#8221; css=&#8221;.vc_custom_1484153270284{margin-bottom: 25px !important;}&#8221;][\/vc_column_inner][vc_column_inner offset=&#8221;vc_col-lg-6 vc_col-md-6 vc_col-xs-12&#8243;][vc_raw_html]JTNDZGl2JTIwY2xhc3MlM0QlMjJhdWpkbGluZSUyMiUzRSUwQSUyMCUyMCUyMCUyMCUzQ2RpdiUyMGNsYXNzJTNEJTIyYXVqZGltZyUyMiUyMGlkJTNEJTIyYXVqZC12aXRpY3VsdGV1ciUyMiUzRSUzQyUyRmRpdiUzRSUwQSUyMCUyMCUyMCUyMCUzQ2RpdiUyMGNsYXNzJTNEJTIyYXVqZHR4dCUyMiUzRSUzQ3N0cm9uZyUzRTkwJTNDJTJGc3Ryb25nJTNFJTIwVklUSUNVTFRFVVJTJTIwQURIJUMzJTg5UkVOVFMlM0MlMkZkaXYlM0UlMEElM0MlMkZkaXYlM0UlMEElM0NkaXYlMjBjbGFzcyUzRCUyMmF1amRsaW5lJTIyJTNFJTBBJTIwJTIwJTIwJTIwJTNDZGl2JTIwY2xhc3MlM0QlMjJhdWpkaW1nJTIyJTIwaWQlM0QlMjJhdWpkLWhlY3RhcmVzJTIyJTNFJTNDJTJGZGl2JTNFJTBBJTIwJTIwJTIwJTIwJTNDZGl2JTIwY2xhc3MlM0QlMjJhdWpkdHh0JTIyJTNFJTNDc3Ryb25nJTNFMTEwMCUzQyUyRnN0cm9uZyUzRSUyMEhFQ1RBUkVTJTIwREUlMjBWSUdORSUzQyUyRmRpdiUzRSUwQSUzQyUyRmRpdiUzRSUwQSUzQ2RpdiUyMGNsYXNzJTNEJTIyYXVqZGxpbmUlMjIlM0UlMEElMjAlMjAlMjAlMjAlM0NkaXYlMjBjbGFzcyUzRCUyMmF1amRpbWclMjIlMjBpZCUzRCUyMmF1amQtY2VwYWdlcyUyMiUzRSUzQyUyRmRpdiUzRSUwQSUyMCUyMCUyMCUyMCUzQ2RpdiUyMGNsYXNzJTNEJTIyYXVqZHR4dCUyMiUzRUNBQkVSTkVUJTIwU0FVVklHTk9OJTJDJTIwQ0FCRVJORVQlMjBGUkFOQyUyQyUzQ2JyJTIwJTJGJTNFJTIwTUVSTE9UJTJDJTIwU0FVVklHTk9OJTIwQkxBTkMlMkMlMjBTJUMzJTg5TUlMTE9OJTNDJTJGZGl2JTNFJTBBJTNDJTJGZGl2JTNFJTBBJTNDZGl2JTIwY2xhc3MlM0QlMjJhdWpkbGluZSUyMiUzRSUwQSUyMCUyMCUyMCUyMCUzQ2RpdiUyMGNsYXNzJTNEJTIyYXVqZGltZyUyMiUyMGlkJTNEJTIyYXVqZC1hb2MlMjIlM0UlM0MlMkZkaXYlM0UlMEElMjAlMjAlMjAlMjAlM0NkaXYlMjBjbGFzcyUzRCUyMmF1amR0eHQlMjIlM0UlM0NzdHJvbmclM0VBT0MlM0MlMkZzdHJvbmclM0UlMjBCT1JERUFVWCUyQyUyMEVOVFJFLURFVVgtTUVSUyUyQyUyMCUzQ2JyJTIwJTJGJTNFJTIwSUdQJTIwQVRMQU5USVFVRSUyMCUyNiUyMFZJTiUyMERFJTIwRlJBTkNFJTIwJTNDJTJGZGl2JTNFJTBBJTNDJTJGZGl2JTNFJTBBJTNDZGl2JTIwY2xhc3MlM0QlMjJhdWpkbGluZSUyMiUzRSUwQSUyMCUyMCUyMCUyMCUzQ2RpdiUyMGNsYXNzJTNEJTIyYXVqZGltZyUyMiUyMGlkJTNEJTIyYXVqZC1xdWFudGl0ZSUyMiUzRSUzQyUyRmRpdiUzRSUwQSUyMCUyMCUyMCUyMCUzQ2RpdiUyMGNsYXNzJTNEJTIyYXVqZHR4dCUyMiUzRSUzQ3N0cm9uZyUzRTc1JTIwMDAwJTIwSEwlM0MlMkZzdHJvbmclM0UlMjA5MCUyNSUyMERFJTIwUk9VR0UlMjBFVCUyMDEwJTI1JTIwREUlMjBCTEFOQyUzQyUyRmRpdiUzRSUwQSUzQyUyRmRpdiUzRQ==[\/vc_raw_html][\/vc_column_inner][\/vc_row_inner][\/vc_column][\/vc_row][vc_row][vc_column][vc_column_text]<\/p>\n<h4 style=\"text-align: center;\">\u8461\u8404\u56ed<\/h4>\n<p>[\/vc_column_text][\/vc_column][\/vc_row][vc_row css=&#8221;.vc_custom_1484148701949{margin-top: 20px !important;margin-bottom: 0px !important;}&#8221; el_class=&#8221;contenutexte centrage&#8221;][vc_column offset=&#8221;vc_col-lg-6 vc_col-md-6 vc_col-xs-12&#8243;][vc_column_text]<\/p>\n<p style=\"text-align: center;\">\u8461\u8404\u56ed\u5750\u843d\u4e8e\u4e24\u6d77\u95f4\u4ea7\u533a\uff08Entre-deux-Mers\uff09\u7684\u5357\u7aef\uff0c\u5e76\u5ef6\u4f38\u81f3\u9ecf\u571f\u77f3\u7070\u77f3\u5c71\u5761\u548c\u9ad8\u539f\u3002<\/p>\n<p>[\/vc_column_text][\/vc_column][vc_column offset=&#8221;vc_col-lg-6 vc_col-md-6 vc_col-xs-12&#8243;][vc_single_image image=&#8221;902&#8243; img_size=&#8221;large&#8221; alignment=&#8221;center&#8221;][\/vc_column][\/vc_row]<\/p>\n<\/section>","protected":false},"excerpt":{"rendered":"<p>[vc_row][vc_column][vc_column_text] \u5386\u53f2 [\/vc_column_text][\/vc_column][\/vc_row][vc_row el_class=&#8221;contenutexte centrage&#8221;][vc_column offset=&#8221;vc_col-lg-6 vc_col-md-6 vc_col-xs-12&#8243;][vc_row_inner el_class=&#8221;contenutexte centrage&#8221;][vc_column_inner][vc_column_text] 1936\u5e74\uff0c\u4e00\u5c0f\u7fa4\u6765\u81ea\u4f4d\u4e8e\u6ce2\u5c14\u591a\u4e2d\u5fc3\u5730\u533a\u8499\u585e\u53e4\u5c14\u5c0f\u9547\u7684\u8461\u8404\u79cd\u690d\u8005\u5f00\u5c55\u5408\u4f5c\uff0c\u643a\u624b\u514b\u670d\u8461\u8404\u9152\u884c\u4e1a\u7684\u7ecf\u6d4e\u56f0\u96be\uff0c\u5e76\u4fc3\u8fdb\u8461\u8404\u9152\u917f\u9020\u5de5\u827a\u7684\u73b0\u4ee3\u5316\u3002\u4ed6\u4eec\u5efa\u7acb\u4e86\u547d\u540d\u4e3a\u201c\u8499\u585e\u53e4\u5c14\u8461\u8404\u9152\u5e84\u8054\u5408\u4f53\u201d\u7684\u5408\u4f5c\u793e\u3002\u5927\u7ea61\u4e2a\u4e16\u7eaa\u4ee5\u540e\uff0c\u5408\u4f5c\u793e\u6709170\u591a\u540d\u6210\u5458\uff0c\u7686\u79c9\u627f\u7956\u8f88\u540c\u6837\u7684\u7cbe\u795e\uff0c\u5373\u56e2\u7ed3\u548c\u575a\u97e7\u3002 [\/vc_column_text][vc_btn title=&#8221;\u66f4\u591a&#8221; style=&#8221;classic&#8221; shape=&#8221;square&#8221; color=&#8221;black&#8221; align=&#8221;center&#8221; custom_onclick=&#8221;true&#8221; custom_onclick_code=&#8221;$(&#8220;#histoireplus&#8220;).slideToggle();&#8221;][\/vc_column_inner][\/vc_row_inner][\/vc_column][vc_column offset=&#8221;vc_col-lg-6 vc_col-md-6 vc_col-xs-12&#8243;][vc_single_image image=&#8221;723&#8243; img_size=&#8221;full&#8221; alignment=&#8221;center&#8221;][\/vc_column][\/vc_row][vc_row el_id=&#8221;histoireplus&#8221; el_class=&#8221;contenutexte&#8221;][vc_column][vc_column_text] \u666e\u7f57\u65fa\u65af\u2022\u57c3\u8389\u8bfa\uff1a\u738b\u540e\u7684\u55dc\u597d 13\u4e16\u7eaa\uff0c\u82f1\u56fd\u56fd\u738b\u91d1\u96c0\u82b1\u738b\u671d\u4ea8\u5229\u4e09\u4e16\u7684\u59bb\u5b50\u666e\u7f57\u65fa\u65af\u2022\u57c3\u8389\u8bfa\u548c\u963f\u57fa\u5766\u516c\u7235\u5efa\u7acb\u4e86\u8499\u585e\u53e4\u5c14\uff08Mons\u00e9gur\uff09\u8bbe\u9632\u57ce\u9547\u3002\u4ed6\u4eec\u5c24\u5176\u559c\u7231\u8fd9\u4e00\u5730\u533a\u4ee5\u53ca\u5b83\u7684\u7f8e\u98df\u7279\u8272\uff0c\u8fd9\u6fc0\u53d1\u4e86\u8461\u8404\u9152\u6587\u5316\u7684\u53d1\u5c55\u3002\u666e\u7f57\u65fa\u65af\u683c\u5916\u559c\u6b22\u5728\u957f\u9014\u65c5\u884c\u540e\uff0c\u53ef\u4ee5\u4eab\u53d7\u7f8e\u9152\u548c\u7f8e\u98df\u7684\u5c0f\u9547\u3002 [\/vc_column_text][vc_column_text] 1929-\u00ad1934 : \u5fc5\u8981\u6027 20\u4e16\u7eaa30\u5e74\u4ee3\u521d\u671f\uff0c\u8461\u8404\u9152\u5371\u673a\u4fc3\u4f7f\u5c0f\u8461\u8404\u79cd\u690d\u8005\u601d\u8003\u65b0\u7684\u89e3\u51b3\u65b9\u6cd5\u30021929\u5e74\u7684\u7ecf\u6d4e\u5371\u673a\u5bfc\u81f4\u4ef7\u683c\u4e0b\u8dcc\uff0c\u6700\u8fd1\u7684\u6536\u6210\u8d28\u91cf\u548c\u6570\u91cf\u90fd\u4e0d\u5c3d\u5982\u4eba\u610f\uff0c\u4fc3\u4f7f\u8461\u8404\u9152\u917f\u9152\u5546\u627f\u8ba4\u6539\u9769\u7684\u91cd\u8981\u6027\uff0c\u5e76\u4e0d\u65ad\u53d1\u5c55\u5de5\u827a\uff0c\u4f7f\u7528\u66f4\u79d1\u5b66\uff0c\u66f4\u9ad8\u79d1\u6280\u7684\u8461\u8404\u56ed\u517b\u62a4\u65b9\u6cd5\u3002\u56e0\u6b64\uff0c\u5c0f\u79cd\u690d\u8005\u8fdb\u884c\u91cd\u65b0\u7ec4\u5408\u4ee5\u4fbf\u4e3a\u8fd9\u4e9b\u6539\u53d8\u63d0\u4f9b\u8d44\u91d1\uff0c\u5e76\u91cd\u5efa\u8461\u8404\u56ed\u7ed3\u6784\u4ee5\u63d0\u5347\u8d28\u91cf\uff0c\u53d8\u5f97\u5c24\u4e3a\u91cd\u8981\u3002 [\/vc_column_text][vc_column_text] 1936\u00a0: \u53d1\u5c55 1935\u5e74\u76845\u670812\u65e5\uff0c\u5728\u8499\u585e\u53e4\u5c14\uff08Mons\u00e9gur\uff09\u7684\u4e00\u4e2a\u96c6\u5e02\u4e0a\uff0c\u4e00\u7fa4\u8461\u8404\u79cd\u690d\u8005\u805a\u96c6\u5728Caf\u00e9 du Commerce\u5496\u5561\u9986\uff0c\u5766\u7136\u63a5\u53d7\u5408\u4f5c\u540e\u5c06\u9762\u4e34\u7684\u5404\u79cd\u6311\u6218\u3002\u6b21\u5e74\uff0c\u8be515\u540d\u8461\u8404\u79cd\u690d\u8005\u5efa\u7acb\u4e86\u547d\u540d\u4e3a\u201c\u8499\u585e\u53e4\u5c14\u8461\u8404\u9152\u5e84\u8054\u5408\u4f53\u201d\u7684\u5408\u4f5c\u793e\uff0c\u5e76\u6536\u83b7\u4e86\u9996\u6b21\u4e30\u6536\u3002\u7531\u4e8e\u54c1\u8d28\u548c\u7ecf\u6d4e\u4e0a\u7684\u6210\u529f\uff0c\u5176\u4ed6\u8461\u8404\u79cd\u690d\u8005\u8fc5\u901f\u52a0\u5165\u4e86\u8be5\u7ec4\u7ec7\u3002 [\/vc_column_text][vc_column_text] 1975 &#8211; 2009 : \u6301\u7eed\u6295\u8d44 \u6280\u672f\u8fdb\u6b65\u548c\u6295\u8d44\uff1a\u6e29\u63a7\u4e0d\u9508\u94a2\u7f50\uff0c\u6c14\u52a8\u538b\u529b\u673a\uff0c\u6a61\u6728\u6876\u3002 [\/vc_column_text][vc_column_text] 2009 : \u638c\u63e1\u547d\u8fd0 \u548c\u6240\u6709\u5408\u4f5c\u9152\u7a96\u4e00\u6837\uff0c\u8499\u585e\u53e4\u5c14\uff08Mons\u00e9gur\uff09\u7684\u9152\u7a96\u81f3\u4eca\u4ecd\u4e13\u95e8\u751f\u4ea7\u610f\u5728\u9500\u552e\u7ed9\u6ce2\u5c14\u591a\u9152\u5546\u7684\u6876\u88c5\u5f62\u5f0f\u8461\u8404\u9152\u3002 2009\u5e74\uff0c\u8463\u4e8b\u4f1a\u51b3\u5b9a\u5f00\u53d1\u74f6\u88c5\u8461\u8404\u9152\u7684\u5de5\u827a\uff0c\u4ee5\u66f4\u597d\u5730\u5c55\u793a\u5408\u4f5c\u793e\u8461\u8404\u9152\u7684\u4e30\u5bcc\u77e5\u8bc6\u548c\u8d28\u91cf\u3002 [\/vc_column_text][vc_column_text] 2010 [&hellip;]<\/p>\n","protected":false},"author":1,"featured_media":0,"parent":0,"menu_order":0,"comment_status":"closed","ping_status":"closed","template":"template-default.php","meta":[],"acf":[],"yoast_head":"<!-- This site is optimized with the Yoast SEO plugin v19.10 - https:\/\/yoast.com\/wordpress\/plugins\/seo\/ -->\n<title>Pr\u00e9sentation de la cave de Mons\u00e9gur<\/title>\n<meta name=\"description\" content=\"La cave de Mons\u00e9gur r\u00e9unie plus de 170 viticulteurs. Elle comptabilise 1300 hectares de vigne et produit 80000 hectolitres (90% de rouge et 10% de blanc).\" \/>\n<meta name=\"robots\" content=\"index, follow, max-snippet:-1, max-image-preview:large, max-video-preview:-1\" \/>\n<link rel=\"canonical\" href=\"https:\/\/www.cave-de-monsegur.com\/zh-hans\/lentreprise\/\" \/>\n<meta property=\"og:locale\" content=\"zh_CN\" \/>\n<meta property=\"og:type\" content=\"article\" \/>\n<meta property=\"og:title\" content=\"Pr\u00e9sentation de la cave de Mons\u00e9gur\" \/>\n<meta property=\"og:description\" content=\"La cave de Mons\u00e9gur r\u00e9unie plus de 170 viticulteurs. Elle comptabilise 1300 hectares de vigne et produit 80000 hectolitres (90% de rouge et 10% de blanc).\" \/>\n<meta property=\"og:url\" content=\"https:\/\/www.cave-de-monsegur.com\/zh-hans\/lentreprise\/\" \/>\n<meta property=\"og:site_name\" content=\"Les Vignerons R\u00e9unis de Mons\u00e9gur\" \/>\n<meta property=\"article:modified_time\" content=\"2023-06-30T14:28:28+00:00\" \/>\n<meta name=\"twitter:card\" content=\"summary_large_image\" \/>\n<meta name=\"twitter:label1\" content=\"Est. reading time\" \/>\n\t<meta name=\"twitter:data1\" content=\"1 minute\" \/>\n<script type=\"application\/ld+json\" class=\"yoast-schema-graph\">{\"@context\":\"https:\/\/schema.org\",\"@graph\":[{\"@type\":\"WebPage\",\"@id\":\"https:\/\/www.cave-de-monsegur.com\/zh-hans\/lentreprise\/\",\"url\":\"https:\/\/www.cave-de-monsegur.com\/zh-hans\/lentreprise\/\",\"name\":\"Pr\u00e9sentation de la cave de Mons\u00e9gur\",\"isPartOf\":{\"@id\":\"https:\/\/www.cave-de-monsegur.com\/en\/#website\"},\"datePublished\":\"2016-09-12T13:11:37+00:00\",\"dateModified\":\"2023-06-30T14:28:28+00:00\",\"description\":\"La cave de Mons\u00e9gur r\u00e9unie plus de 170 viticulteurs. Elle comptabilise 1300 hectares de vigne et produit 80000 hectolitres (90% de rouge et 10% de blanc).\",\"breadcrumb\":{\"@id\":\"https:\/\/www.cave-de-monsegur.com\/zh-hans\/lentreprise\/#breadcrumb\"},\"inLanguage\":\"zh-CN\",\"potentialAction\":[{\"@type\":\"ReadAction\",\"target\":[\"https:\/\/www.cave-de-monsegur.com\/zh-hans\/lentreprise\/\"]}]},{\"@type\":\"BreadcrumbList\",\"@id\":\"https:\/\/www.cave-de-monsegur.com\/zh-hans\/lentreprise\/#breadcrumb\",\"itemListElement\":[{\"@type\":\"ListItem\",\"position\":1,\"name\":\"Accueil\",\"item\":\"https:\/\/www.cave-de-monsegur.com\/zh-hans\/\"},{\"@type\":\"ListItem\",\"position\":2,\"name\":\"\u917f\u9152\u5382\"}]},{\"@type\":\"WebSite\",\"@id\":\"https:\/\/www.cave-de-monsegur.com\/en\/#website\",\"url\":\"https:\/\/www.cave-de-monsegur.com\/en\/\",\"name\":\"Les Vignerons R\u00e9unis de Mons\u00e9gur\",\"description\":\"Cave, Vin, Bordeaux, Export, ...\",\"potentialAction\":[{\"@type\":\"SearchAction\",\"target\":{\"@type\":\"EntryPoint\",\"urlTemplate\":\"https:\/\/www.cave-de-monsegur.com\/en\/?s={search_term_string}\"},\"query-input\":\"required name=search_term_string\"}],\"inLanguage\":\"zh-CN\"}]}<\/script>\n<!-- \/ Yoast SEO plugin. -->","yoast_head_json":{"title":"Pr\u00e9sentation de la cave de Mons\u00e9gur","description":"La cave de Mons\u00e9gur r\u00e9unie plus de 170 viticulteurs. Elle comptabilise 1300 hectares de vigne et produit 80000 hectolitres (90% de rouge et 10% de blanc).","robots":{"index":"index","follow":"follow","max-snippet":"max-snippet:-1","max-image-preview":"max-image-preview:large","max-video-preview":"max-video-preview:-1"},"canonical":"https:\/\/www.cave-de-monsegur.com\/zh-hans\/lentreprise\/","og_locale":"zh_CN","og_type":"article","og_title":"Pr\u00e9sentation de la cave de Mons\u00e9gur","og_description":"La cave de Mons\u00e9gur r\u00e9unie plus de 170 viticulteurs. Elle comptabilise 1300 hectares de vigne et produit 80000 hectolitres (90% de rouge et 10% de blanc).","og_url":"https:\/\/www.cave-de-monsegur.com\/zh-hans\/lentreprise\/","og_site_name":"Les Vignerons R\u00e9unis de Mons\u00e9gur","article_modified_time":"2023-06-30T14:28:28+00:00","twitter_card":"summary_large_image","twitter_misc":{"Est. reading time":"1 minute"},"schema":{"@context":"https:\/\/schema.org","@graph":[{"@type":"WebPage","@id":"https:\/\/www.cave-de-monsegur.com\/zh-hans\/lentreprise\/","url":"https:\/\/www.cave-de-monsegur.com\/zh-hans\/lentreprise\/","name":"Pr\u00e9sentation de la cave de Mons\u00e9gur","isPartOf":{"@id":"https:\/\/www.cave-de-monsegur.com\/en\/#website"},"datePublished":"2016-09-12T13:11:37+00:00","dateModified":"2023-06-30T14:28:28+00:00","description":"La cave de Mons\u00e9gur r\u00e9unie plus de 170 viticulteurs. Elle comptabilise 1300 hectares de vigne et produit 80000 hectolitres (90% de rouge et 10% de blanc).","breadcrumb":{"@id":"https:\/\/www.cave-de-monsegur.com\/zh-hans\/lentreprise\/#breadcrumb"},"inLanguage":"zh-CN","potentialAction":[{"@type":"ReadAction","target":["https:\/\/www.cave-de-monsegur.com\/zh-hans\/lentreprise\/"]}]},{"@type":"BreadcrumbList","@id":"https:\/\/www.cave-de-monsegur.com\/zh-hans\/lentreprise\/#breadcrumb","itemListElement":[{"@type":"ListItem","position":1,"name":"Accueil","item":"https:\/\/www.cave-de-monsegur.com\/zh-hans\/"},{"@type":"ListItem","position":2,"name":"\u917f\u9152\u5382"}]},{"@type":"WebSite","@id":"https:\/\/www.cave-de-monsegur.com\/en\/#website","url":"https:\/\/www.cave-de-monsegur.com\/en\/","name":"Les Vignerons R\u00e9unis de Mons\u00e9gur","description":"Cave, Vin, Bordeaux, Export, ...","potentialAction":[{"@type":"SearchAction","target":{"@type":"EntryPoint","urlTemplate":"https:\/\/www.cave-de-monsegur.com\/en\/?s={search_term_string}"},"query-input":"required name=search_term_string"}],"inLanguage":"zh-CN"}]}},"_links":{"self":[{"href":"https:\/\/www.cave-de-monsegur.com\/zh-hans\/wp-json\/wp\/v2\/pages\/1498"}],"collection":[{"href":"https:\/\/www.cave-de-monsegur.com\/zh-hans\/wp-json\/wp\/v2\/pages"}],"about":[{"href":"https:\/\/www.cave-de-monsegur.com\/zh-hans\/wp-json\/wp\/v2\/types\/page"}],"author":[{"embeddable":true,"href":"https:\/\/www.cave-de-monsegur.com\/zh-hans\/wp-json\/wp\/v2\/users\/1"}],"replies":[{"embeddable":true,"href":"https:\/\/www.cave-de-monsegur.com\/zh-hans\/wp-json\/wp\/v2\/comments?post=1498"}],"version-history":[{"count":9,"href":"https:\/\/www.cave-de-monsegur.com\/zh-hans\/wp-json\/wp\/v2\/pages\/1498\/revisions"}],"predecessor-version":[{"id":2079,"href":"https:\/\/www.cave-de-monsegur.com\/zh-hans\/wp-json\/wp\/v2\/pages\/1498\/revisions\/2079"}],"wp:attachment":[{"href":"https:\/\/www.cave-de-monsegur.com\/zh-hans\/wp-json\/wp\/v2\/media?parent=1498"}],"curies":[{"name":"wp","href":"https:\/\/api.w.org\/{rel}","templated":true}]}}