{"id":1465,"date":"2016-09-12T15:13:25","date_gmt":"2016-09-12T13:13:25","guid":{"rendered":"https:\/\/www.cave-de-monsegur.com\/les-marques\/"},"modified":"2017-12-10T15:34:05","modified_gmt":"2017-12-10T14:34:05","slug":"les-marques","status":"publish","type":"page","link":"https:\/\/www.cave-de-monsegur.com\/zh-hans\/les-marques\/","title":{"rendered":"\u6211\u4eec\u7684\u54c1\u724c"},"content":{"rendered":"<section class=\"wpb-content-wrapper\"><p>[vc_row el_class=&#8221;contenutexte&#8221;][vc_column][vc_column_text]<\/p>\n<h2>\u6211\u4eec\u7684\u54c1\u724c<\/h2>\n<p>[\/vc_column_text][vc_column_text el_class=&#8221;paraphchateaux&#8221;]<\/p>\n<p style=\"text-align: center;\">\u62e5\u6709\u5f00\u653e\u601d\u7ef4\u7684\u8461\u8404\u79cd\u690d\u8005\u76f8\u4fe1\u53d8\u5316\uff0c\u6211\u4eec\u5728\u4e0d\u540c\u5e02\u573a\u6301\u7eed\u7684\u53c2\u4e0e\u4f7f\u6211\u4eec\u80fd\u591f\u53d1\u5c55<strong>\u7b26\u5408\u6d88\u8d39\u8005\u671f\u671b\u7684\u54c1\u724c\uff1a<\/strong>\u67d4\u548c\u3001\u5706\u6da6\u3001\u4f18\u96c5\u7684\u8461\u8404\u9152<strong>\u201cBordeaux revisited\u201d<\/strong> \u00bb<\/p>\n<h3 style=\"text-align: center;\"><\/h3>\n<p>[\/vc_column_text][vc_row_inner el_class=&#8221;contenutexte&#8221;][vc_column_inner][vc_column_text]<\/p>\n<h3 style=\"text-align: center;\">\u9002\u5e94\u4eca\u5929\u6d88\u8d39\u8005\u7684\u54c1\u724c\uff1a<\/h3>\n<p style=\"text-align: center;\">\u5f97\u76ca\u4e8e\u5728\u4e3b\u8981\u5e02\u573a\u7684\u89c4\u5f8b\u6027\u53c2\u4e0e\uff0c\u6211\u4eec\u80fd\u591f\u66f4\u597d\u5730\u4e86\u89e3\u6d88\u8d39\u8005\u53ca\u5176\u9700\u6c42\u3002<\/p>\n<h3><\/h3>\n<p>[\/vc_column_text][\/vc_column_inner][\/vc_row_inner][vc_row_inner el_class=&#8221;contenutexte&#8221; css=&#8221;.vc_custom_1483642846113{margin-bottom: 30px !important;}&#8221;][vc_column_inner css=&#8221;.vc_custom_1483642871693{padding-top: 0px !important;}&#8221;][vc_column_text css=&#8221;.vc_custom_1512915701510{border-bottom-width: 30px !important;}&#8221;]<\/p>\n<h3 style=\"text-align: center;\">\u6ce2\u5c14\u591a\u8461\u8404\u9152\u00abdusted off\u00bb\uff0c\u91cd\u8bbf\uff1a<\/h3>\n<p style=\"text-align: center;\">\u6700\u5177\u9002\u5e94\u6027\u7684\u8461\u8404\u9152\u548c\u7cbe\u5de7\u7684\u6807\u7b7e\u3002<\/p>\n<p>[\/vc_column_text][\/vc_column_inner][\/vc_row_inner][\/vc_column][\/vc_row]<\/p>\n<\/section>","protected":false},"excerpt":{"rendered":"<p>[vc_row el_class=&#8221;contenutexte&#8221;][vc_column][vc_column_text] \u6211\u4eec\u7684\u54c1\u724c [\/vc_column_text][vc_column_text el_class=&#8221;paraphchateaux&#8221;] \u62e5\u6709\u5f00\u653e\u601d\u7ef4\u7684\u8461\u8404\u79cd\u690d\u8005\u76f8\u4fe1\u53d8\u5316\uff0c\u6211\u4eec\u5728\u4e0d\u540c\u5e02\u573a\u6301\u7eed\u7684\u53c2\u4e0e\u4f7f\u6211\u4eec\u80fd\u591f\u53d1\u5c55\u7b26\u5408\u6d88\u8d39\u8005\u671f\u671b\u7684\u54c1\u724c\uff1a\u67d4\u548c\u3001\u5706\u6da6\u3001\u4f18\u96c5\u7684\u8461\u8404\u9152\u201cBordeaux revisited\u201d \u00bb [\/vc_column_text][vc_row_inner el_class=&#8221;contenutexte&#8221;][vc_column_inner][vc_column_text] \u9002\u5e94\u4eca\u5929\u6d88\u8d39\u8005\u7684\u54c1\u724c\uff1a \u5f97\u76ca\u4e8e\u5728\u4e3b\u8981\u5e02\u573a\u7684\u89c4\u5f8b\u6027\u53c2\u4e0e\uff0c\u6211\u4eec\u80fd\u591f\u66f4\u597d\u5730\u4e86\u89e3\u6d88\u8d39\u8005\u53ca\u5176\u9700\u6c42\u3002 [\/vc_column_text][\/vc_column_inner][\/vc_row_inner][vc_row_inner el_class=&#8221;contenutexte&#8221; css=&#8221;.vc_custom_1483642846113{margin-bottom: 30px !important;}&#8221;][vc_column_inner css=&#8221;.vc_custom_1483642871693{padding-top: 0px !important;}&#8221;][vc_column_text css=&#8221;.vc_custom_1512915701510{border-bottom-width: 30px !important;}&#8221;] \u6ce2\u5c14\u591a\u8461\u8404\u9152\u00abdusted off\u00bb\uff0c\u91cd\u8bbf\uff1a \u6700\u5177\u9002\u5e94\u6027\u7684\u8461\u8404\u9152\u548c\u7cbe\u5de7\u7684\u6807\u7b7e\u3002 [\/vc_column_text][\/vc_column_inner][\/vc_row_inner][\/vc_column][\/vc_row]<\/p>\n","protected":false},"author":1,"featured_media":0,"parent":0,"menu_order":0,"comment_status":"closed","ping_status":"closed","template":"template-marques.php","meta":[],"acf":[],"yoast_head":"<!-- This site is optimized with the Yoast SEO plugin v19.10 - https:\/\/yoast.com\/wordpress\/plugins\/seo\/ -->\n<title>\u6211\u4eec\u7684\u54c1\u724c - Les Vignerons R\u00e9unis de Mons\u00e9gur<\/title>\n<meta name=\"description\" content=\"La cave a d\u00e9velopp\u00e9 des marques de vins qui correspondent plus aux consommateurs avec l&#039;aide de nos viticulteurs.\" \/>\n<meta name=\"robots\" content=\"index, follow, max-snippet:-1, max-image-preview:large, max-video-preview:-1\" \/>\n<link rel=\"canonical\" href=\"https:\/\/www.cave-de-monsegur.com\/zh-hans\/les-marques\/\" \/>\n<meta property=\"og:locale\" content=\"zh_CN\" \/>\n<meta property=\"og:type\" content=\"article\" \/>\n<meta property=\"og:title\" content=\"\u6211\u4eec\u7684\u54c1\u724c - Les Vignerons R\u00e9unis de Mons\u00e9gur\" \/>\n<meta property=\"og:description\" content=\"La cave a d\u00e9velopp\u00e9 des marques de vins qui correspondent plus aux consommateurs avec l&#039;aide de nos viticulteurs.\" \/>\n<meta property=\"og:url\" content=\"https:\/\/www.cave-de-monsegur.com\/zh-hans\/les-marques\/\" \/>\n<meta property=\"og:site_name\" content=\"Les Vignerons R\u00e9unis de Mons\u00e9gur\" \/>\n<meta property=\"article:modified_time\" content=\"2017-12-10T14:34:05+00:00\" \/>\n<meta name=\"twitter:card\" content=\"summary_large_image\" \/>\n<script type=\"application\/ld+json\" class=\"yoast-schema-graph\">{\"@context\":\"https:\/\/schema.org\",\"@graph\":[{\"@type\":\"WebPage\",\"@id\":\"https:\/\/www.cave-de-monsegur.com\/zh-hans\/les-marques\/\",\"url\":\"https:\/\/www.cave-de-monsegur.com\/zh-hans\/les-marques\/\",\"name\":\"\u6211\u4eec\u7684\u54c1\u724c - Les Vignerons R\u00e9unis de Mons\u00e9gur\",\"isPartOf\":{\"@id\":\"https:\/\/www.cave-de-monsegur.com\/en\/#website\"},\"datePublished\":\"2016-09-12T13:13:25+00:00\",\"dateModified\":\"2017-12-10T14:34:05+00:00\",\"description\":\"La cave a d\u00e9velopp\u00e9 des marques de vins qui correspondent plus aux consommateurs avec l'aide de nos viticulteurs.\",\"breadcrumb\":{\"@id\":\"https:\/\/www.cave-de-monsegur.com\/zh-hans\/les-marques\/#breadcrumb\"},\"inLanguage\":\"zh-CN\",\"potentialAction\":[{\"@type\":\"ReadAction\",\"target\":[\"https:\/\/www.cave-de-monsegur.com\/zh-hans\/les-marques\/\"]}]},{\"@type\":\"BreadcrumbList\",\"@id\":\"https:\/\/www.cave-de-monsegur.com\/zh-hans\/les-marques\/#breadcrumb\",\"itemListElement\":[{\"@type\":\"ListItem\",\"position\":1,\"name\":\"Accueil\",\"item\":\"https:\/\/www.cave-de-monsegur.com\/zh-hans\/\"},{\"@type\":\"ListItem\",\"position\":2,\"name\":\"\u6211\u4eec\u7684\u54c1\u724c\"}]},{\"@type\":\"WebSite\",\"@id\":\"https:\/\/www.cave-de-monsegur.com\/en\/#website\",\"url\":\"https:\/\/www.cave-de-monsegur.com\/en\/\",\"name\":\"Les Vignerons R\u00e9unis de Mons\u00e9gur\",\"description\":\"Cave, Vin, Bordeaux, Export, ...\",\"potentialAction\":[{\"@type\":\"SearchAction\",\"target\":{\"@type\":\"EntryPoint\",\"urlTemplate\":\"https:\/\/www.cave-de-monsegur.com\/en\/?s={search_term_string}\"},\"query-input\":\"required name=search_term_string\"}],\"inLanguage\":\"zh-CN\"}]}<\/script>\n<!-- \/ Yoast SEO plugin. -->","yoast_head_json":{"title":"\u6211\u4eec\u7684\u54c1\u724c - Les Vignerons R\u00e9unis de Mons\u00e9gur","description":"La cave a d\u00e9velopp\u00e9 des marques de vins qui correspondent plus aux consommateurs avec l'aide de nos viticulteurs.","robots":{"index":"index","follow":"follow","max-snippet":"max-snippet:-1","max-image-preview":"max-image-preview:large","max-video-preview":"max-video-preview:-1"},"canonical":"https:\/\/www.cave-de-monsegur.com\/zh-hans\/les-marques\/","og_locale":"zh_CN","og_type":"article","og_title":"\u6211\u4eec\u7684\u54c1\u724c - Les Vignerons R\u00e9unis de Mons\u00e9gur","og_description":"La cave a d\u00e9velopp\u00e9 des marques de vins qui correspondent plus aux consommateurs avec l'aide de nos viticulteurs.","og_url":"https:\/\/www.cave-de-monsegur.com\/zh-hans\/les-marques\/","og_site_name":"Les Vignerons R\u00e9unis de Mons\u00e9gur","article_modified_time":"2017-12-10T14:34:05+00:00","twitter_card":"summary_large_image","schema":{"@context":"https:\/\/schema.org","@graph":[{"@type":"WebPage","@id":"https:\/\/www.cave-de-monsegur.com\/zh-hans\/les-marques\/","url":"https:\/\/www.cave-de-monsegur.com\/zh-hans\/les-marques\/","name":"\u6211\u4eec\u7684\u54c1\u724c - Les Vignerons R\u00e9unis de Mons\u00e9gur","isPartOf":{"@id":"https:\/\/www.cave-de-monsegur.com\/en\/#website"},"datePublished":"2016-09-12T13:13:25+00:00","dateModified":"2017-12-10T14:34:05+00:00","description":"La cave a d\u00e9velopp\u00e9 des marques de vins qui correspondent plus aux consommateurs avec l'aide de nos viticulteurs.","breadcrumb":{"@id":"https:\/\/www.cave-de-monsegur.com\/zh-hans\/les-marques\/#breadcrumb"},"inLanguage":"zh-CN","potentialAction":[{"@type":"ReadAction","target":["https:\/\/www.cave-de-monsegur.com\/zh-hans\/les-marques\/"]}]},{"@type":"BreadcrumbList","@id":"https:\/\/www.cave-de-monsegur.com\/zh-hans\/les-marques\/#breadcrumb","itemListElement":[{"@type":"ListItem","position":1,"name":"Accueil","item":"https:\/\/www.cave-de-monsegur.com\/zh-hans\/"},{"@type":"ListItem","position":2,"name":"\u6211\u4eec\u7684\u54c1\u724c"}]},{"@type":"WebSite","@id":"https:\/\/www.cave-de-monsegur.com\/en\/#website","url":"https:\/\/www.cave-de-monsegur.com\/en\/","name":"Les Vignerons R\u00e9unis de Mons\u00e9gur","description":"Cave, Vin, Bordeaux, Export, ...","potentialAction":[{"@type":"SearchAction","target":{"@type":"EntryPoint","urlTemplate":"https:\/\/www.cave-de-monsegur.com\/en\/?s={search_term_string}"},"query-input":"required name=search_term_string"}],"inLanguage":"zh-CN"}]}},"_links":{"self":[{"href":"https:\/\/www.cave-de-monsegur.com\/zh-hans\/wp-json\/wp\/v2\/pages\/1465"}],"collection":[{"href":"https:\/\/www.cave-de-monsegur.com\/zh-hans\/wp-json\/wp\/v2\/pages"}],"about":[{"href":"https:\/\/www.cave-de-monsegur.com\/zh-hans\/wp-json\/wp\/v2\/types\/page"}],"author":[{"embeddable":true,"href":"https:\/\/www.cave-de-monsegur.com\/zh-hans\/wp-json\/wp\/v2\/users\/1"}],"replies":[{"embeddable":true,"href":"https:\/\/www.cave-de-monsegur.com\/zh-hans\/wp-json\/wp\/v2\/comments?post=1465"}],"version-history":[{"count":5,"href":"https:\/\/www.cave-de-monsegur.com\/zh-hans\/wp-json\/wp\/v2\/pages\/1465\/revisions"}],"predecessor-version":[{"id":1571,"href":"https:\/\/www.cave-de-monsegur.com\/zh-hans\/wp-json\/wp\/v2\/pages\/1465\/revisions\/1571"}],"wp:attachment":[{"href":"https:\/\/www.cave-de-monsegur.com\/zh-hans\/wp-json\/wp\/v2\/media?parent=1465"}],"curies":[{"name":"wp","href":"https:\/\/api.w.org\/{rel}","templated":true}]}}