{"id":1462,"date":"2016-09-12T15:13:50","date_gmt":"2016-09-12T13:13:50","guid":{"rendered":"https:\/\/www.cave-de-monsegur.com\/recompenses\/"},"modified":"2017-12-21T20:42:01","modified_gmt":"2017-12-21T19:42:01","slug":"recompenses","status":"publish","type":"page","link":"https:\/\/www.cave-de-monsegur.com\/zh-hans\/recompenses\/","title":{"rendered":"\u5956\u9879"},"content":{"rendered":"<section class=\"wpb-content-wrapper\"><p>[vc_row el_class=&#8221;contenutexte&#8221;][vc_column][vc_row_inner][vc_column_inner][vc_column_text]<\/p>\n<p style=\"text-align: center;\">\u6211\u4eec\u5bf9\u8461\u8404\u9152\u7684\u7cbe\u76ca\u6c42\u7cbe\u4f7f\u6211\u4eec\u80fd\u591f\u4fdd\u8bc1\u9152\u5e84\u548c\u54c1\u724c\u7684<strong>\u54c1\u8d28\u59cb\u7ec8\u5982\u4e00<\/strong>\u3002<\/p>\n<p style=\"text-align: center;\">\u6211\u4eec\u5bf9\u54c1\u8d28\u7684\u8ffd\u6c42\u786e\u4fdd\u6211\u4eec\u5728\u6700\u8d1f\u76db\u540d\u7684\u56fd\u9645\u5927\u8d5b\u4e2d\u8f7d\u8a89\u800c\u5f52\u3002<\/p>\n<p>[\/vc_column_text][\/vc_column_inner][\/vc_row_inner][\/vc_column][\/vc_row]<\/p>\n<\/section>","protected":false},"excerpt":{"rendered":"<p>[vc_row el_class=&#8221;contenutexte&#8221;][vc_column][vc_row_inner][vc_column_inner][vc_column_text] \u6211\u4eec\u5bf9\u8461\u8404\u9152\u7684\u7cbe\u76ca\u6c42\u7cbe\u4f7f\u6211\u4eec\u80fd\u591f\u4fdd\u8bc1\u9152\u5e84\u548c\u54c1\u724c\u7684\u54c1\u8d28\u59cb\u7ec8\u5982\u4e00\u3002 \u6211\u4eec\u5bf9\u54c1\u8d28\u7684\u8ffd\u6c42\u786e\u4fdd\u6211\u4eec\u5728\u6700\u8d1f\u76db\u540d\u7684\u56fd\u9645\u5927\u8d5b\u4e2d\u8f7d\u8a89\u800c\u5f52\u3002 [\/vc_column_text][\/vc_column_inner][\/vc_row_inner][\/vc_column][\/vc_row]<\/p>\n","protected":false},"author":1,"featured_media":0,"parent":0,"menu_order":0,"comment_status":"closed","ping_status":"closed","template":"template-medailles.php","meta":[],"acf":[],"yoast_head":"<!-- This site is optimized with the Yoast SEO plugin v19.10 - https:\/\/yoast.com\/wordpress\/plugins\/seo\/ -->\n<title>\u5956\u9879 - Les Vignerons R\u00e9unis de Mons\u00e9gur<\/title>\n<meta name=\"description\" content=\"Chaque ann\u00e9e, nous essayons d&#039;obtenir des m\u00e9dailles dans de grands concours internationaux gr\u00e2ce \u00e0 la qualit\u00e9 de nos vins.\" \/>\n<meta name=\"robots\" content=\"index, follow, max-snippet:-1, max-image-preview:large, max-video-preview:-1\" \/>\n<link rel=\"canonical\" href=\"https:\/\/www.cave-de-monsegur.com\/zh-hans\/recompenses\/\" \/>\n<meta property=\"og:locale\" content=\"zh_CN\" \/>\n<meta property=\"og:type\" content=\"article\" \/>\n<meta property=\"og:title\" content=\"\u5956\u9879 - Les Vignerons R\u00e9unis de Mons\u00e9gur\" \/>\n<meta property=\"og:description\" content=\"Chaque ann\u00e9e, nous essayons d&#039;obtenir des m\u00e9dailles dans de grands concours internationaux gr\u00e2ce \u00e0 la qualit\u00e9 de nos vins.\" \/>\n<meta property=\"og:url\" content=\"https:\/\/www.cave-de-monsegur.com\/zh-hans\/recompenses\/\" \/>\n<meta property=\"og:site_name\" content=\"Les Vignerons R\u00e9unis de Mons\u00e9gur\" \/>\n<meta property=\"article:modified_time\" content=\"2017-12-21T19:42:01+00:00\" \/>\n<meta name=\"twitter:card\" content=\"summary_large_image\" \/>\n<script type=\"application\/ld+json\" class=\"yoast-schema-graph\">{\"@context\":\"https:\/\/schema.org\",\"@graph\":[{\"@type\":\"WebPage\",\"@id\":\"https:\/\/www.cave-de-monsegur.com\/zh-hans\/recompenses\/\",\"url\":\"https:\/\/www.cave-de-monsegur.com\/zh-hans\/recompenses\/\",\"name\":\"\u5956\u9879 - Les Vignerons R\u00e9unis de Mons\u00e9gur\",\"isPartOf\":{\"@id\":\"https:\/\/www.cave-de-monsegur.com\/en\/#website\"},\"datePublished\":\"2016-09-12T13:13:50+00:00\",\"dateModified\":\"2017-12-21T19:42:01+00:00\",\"description\":\"Chaque ann\u00e9e, nous essayons d'obtenir des m\u00e9dailles dans de grands concours internationaux gr\u00e2ce \u00e0 la qualit\u00e9 de nos vins.\",\"breadcrumb\":{\"@id\":\"https:\/\/www.cave-de-monsegur.com\/zh-hans\/recompenses\/#breadcrumb\"},\"inLanguage\":\"zh-CN\",\"potentialAction\":[{\"@type\":\"ReadAction\",\"target\":[\"https:\/\/www.cave-de-monsegur.com\/zh-hans\/recompenses\/\"]}]},{\"@type\":\"BreadcrumbList\",\"@id\":\"https:\/\/www.cave-de-monsegur.com\/zh-hans\/recompenses\/#breadcrumb\",\"itemListElement\":[{\"@type\":\"ListItem\",\"position\":1,\"name\":\"Accueil\",\"item\":\"https:\/\/www.cave-de-monsegur.com\/zh-hans\/\"},{\"@type\":\"ListItem\",\"position\":2,\"name\":\"\u5956\u9879\"}]},{\"@type\":\"WebSite\",\"@id\":\"https:\/\/www.cave-de-monsegur.com\/en\/#website\",\"url\":\"https:\/\/www.cave-de-monsegur.com\/en\/\",\"name\":\"Les Vignerons R\u00e9unis de Mons\u00e9gur\",\"description\":\"Cave, Vin, Bordeaux, Export, ...\",\"potentialAction\":[{\"@type\":\"SearchAction\",\"target\":{\"@type\":\"EntryPoint\",\"urlTemplate\":\"https:\/\/www.cave-de-monsegur.com\/en\/?s={search_term_string}\"},\"query-input\":\"required name=search_term_string\"}],\"inLanguage\":\"zh-CN\"}]}<\/script>\n<!-- \/ Yoast SEO plugin. -->","yoast_head_json":{"title":"\u5956\u9879 - Les Vignerons R\u00e9unis de Mons\u00e9gur","description":"Chaque ann\u00e9e, nous essayons d'obtenir des m\u00e9dailles dans de grands concours internationaux gr\u00e2ce \u00e0 la qualit\u00e9 de nos vins.","robots":{"index":"index","follow":"follow","max-snippet":"max-snippet:-1","max-image-preview":"max-image-preview:large","max-video-preview":"max-video-preview:-1"},"canonical":"https:\/\/www.cave-de-monsegur.com\/zh-hans\/recompenses\/","og_locale":"zh_CN","og_type":"article","og_title":"\u5956\u9879 - Les Vignerons R\u00e9unis de Mons\u00e9gur","og_description":"Chaque ann\u00e9e, nous essayons d'obtenir des m\u00e9dailles dans de grands concours internationaux gr\u00e2ce \u00e0 la qualit\u00e9 de nos vins.","og_url":"https:\/\/www.cave-de-monsegur.com\/zh-hans\/recompenses\/","og_site_name":"Les Vignerons R\u00e9unis de Mons\u00e9gur","article_modified_time":"2017-12-21T19:42:01+00:00","twitter_card":"summary_large_image","schema":{"@context":"https:\/\/schema.org","@graph":[{"@type":"WebPage","@id":"https:\/\/www.cave-de-monsegur.com\/zh-hans\/recompenses\/","url":"https:\/\/www.cave-de-monsegur.com\/zh-hans\/recompenses\/","name":"\u5956\u9879 - Les Vignerons R\u00e9unis de Mons\u00e9gur","isPartOf":{"@id":"https:\/\/www.cave-de-monsegur.com\/en\/#website"},"datePublished":"2016-09-12T13:13:50+00:00","dateModified":"2017-12-21T19:42:01+00:00","description":"Chaque ann\u00e9e, nous essayons d'obtenir des m\u00e9dailles dans de grands concours internationaux gr\u00e2ce \u00e0 la qualit\u00e9 de nos vins.","breadcrumb":{"@id":"https:\/\/www.cave-de-monsegur.com\/zh-hans\/recompenses\/#breadcrumb"},"inLanguage":"zh-CN","potentialAction":[{"@type":"ReadAction","target":["https:\/\/www.cave-de-monsegur.com\/zh-hans\/recompenses\/"]}]},{"@type":"BreadcrumbList","@id":"https:\/\/www.cave-de-monsegur.com\/zh-hans\/recompenses\/#breadcrumb","itemListElement":[{"@type":"ListItem","position":1,"name":"Accueil","item":"https:\/\/www.cave-de-monsegur.com\/zh-hans\/"},{"@type":"ListItem","position":2,"name":"\u5956\u9879"}]},{"@type":"WebSite","@id":"https:\/\/www.cave-de-monsegur.com\/en\/#website","url":"https:\/\/www.cave-de-monsegur.com\/en\/","name":"Les Vignerons R\u00e9unis de Mons\u00e9gur","description":"Cave, Vin, Bordeaux, Export, ...","potentialAction":[{"@type":"SearchAction","target":{"@type":"EntryPoint","urlTemplate":"https:\/\/www.cave-de-monsegur.com\/en\/?s={search_term_string}"},"query-input":"required name=search_term_string"}],"inLanguage":"zh-CN"}]}},"_links":{"self":[{"href":"https:\/\/www.cave-de-monsegur.com\/zh-hans\/wp-json\/wp\/v2\/pages\/1462"}],"collection":[{"href":"https:\/\/www.cave-de-monsegur.com\/zh-hans\/wp-json\/wp\/v2\/pages"}],"about":[{"href":"https:\/\/www.cave-de-monsegur.com\/zh-hans\/wp-json\/wp\/v2\/types\/page"}],"author":[{"embeddable":true,"href":"https:\/\/www.cave-de-monsegur.com\/zh-hans\/wp-json\/wp\/v2\/users\/1"}],"replies":[{"embeddable":true,"href":"https:\/\/www.cave-de-monsegur.com\/zh-hans\/wp-json\/wp\/v2\/comments?post=1462"}],"version-history":[{"count":17,"href":"https:\/\/www.cave-de-monsegur.com\/zh-hans\/wp-json\/wp\/v2\/pages\/1462\/revisions"}],"predecessor-version":[{"id":1629,"href":"https:\/\/www.cave-de-monsegur.com\/zh-hans\/wp-json\/wp\/v2\/pages\/1462\/revisions\/1629"}],"wp:attachment":[{"href":"https:\/\/www.cave-de-monsegur.com\/zh-hans\/wp-json\/wp\/v2\/media?parent=1462"}],"curies":[{"name":"wp","href":"https:\/\/api.w.org\/{rel}","templated":true}]}}