{"id":1119,"date":"2016-09-05T13:55:03","date_gmt":"2016-09-05T11:55:03","guid":{"rendered":"http:\/\/cave-de-monsegur.com\/accueil\/?lang=zh-hans"},"modified":"2017-12-10T17:58:19","modified_gmt":"2017-12-10T16:58:19","slug":"accueil","status":"publish","type":"page","link":"https:\/\/www.cave-de-monsegur.com\/zh-hans\/","title":{"rendered":"\u9996\u9875"},"content":{"rendered":"<section class=\"wpb-content-wrapper\"><p>[vc_row full_height=&#8221;yes&#8221; content_placement=&#8221;middle&#8221; el_class=&#8221;vc_visible-xs section videhome &#8221; el_id=&#8221;sectionhome&#8221;][vc_column][vc_single_image image=&#8221;754&#8243; img_size=&#8221;full&#8221; alignment=&#8221;center&#8221; css=&#8221;.vc_custom_1482156678011{margin-top: 110px !important;margin-bottom: 200px !important;}&#8221; el_class=&#8221;logohome&#8221;][vc_column_text el_class=&#8221;textaccueil&#8221;]<\/p>\n<p style=\"text-align: center;\">\u70b9\u51fbPlay\u89c2\u770b\u6211\u4eec\u7684<br \/>\n\u5c55\u793a\u89c6\u9891<\/p>\n<p>[\/vc_column_text][vc_single_image image=&#8221;558&#8243; img_size=&#8221;full&#8221; alignment=&#8221;center&#8221; el_class=&#8221;gifenter&#8221;][\/vc_column][\/vc_row][vc_row el_class=&#8221;section&#8221; el_id=&#8221;homentreprise&#8221;][vc_column el_class=&#8221;entreprise&#8221;][vc_row_inner el_class=&#8221;section&#8221;][vc_column_inner el_class=&#8221;container&#8221;][vc_column_text]<\/p>\n<h2 class=\"titre\" style=\"text-align: center;\">\u8499\u585e\u53e4\u5c14\u8461\u8404\u9152\u5e84\u8054\u5408\u4f53<\/h2>\n<p>[\/vc_column_text][\/vc_column_inner][\/vc_row_inner][vc_row_inner el_class=&#8221;paraphpos&#8221;][vc_column_inner offset=&#8221;vc_col-lg-6 vc_col-md-6 vc_col-xs-12&#8243;][vc_single_image image=&#8221;127&#8243; el_class=&#8221;pictopos&#8221;][vc_column_text el_class=&#8221;paragraphepositionnement&#8221;]\u8499\u585e\u53e4\u5c14\u8461\u8404\u79cd\u690d\u8005\u5408\u4f5c\u793e\u793e\u7684\u6807\u5fd7\u6027\u7279\u8d28\u662f\u201c\u5171\u4eab\u4ef7\u503c\u201d\u3002\u5bf9\u4e8e\u6b64\uff0c<strong>\u5408\u4f5c\u793e\u7684\u917f\u9152\u5e08\u548c\u5458\u5de5\u4e0d\u5b8c\u5168\u6307\u8461\u8404\u9152\u917f\u9020\u5de5\u827a\uff0c\u540c\u65f6\u8fd8\u6307\u4ed6\u4eec\u5171\u540c\u6000\u62b1\u5bf9\u751f\u4ea7\u548c\u63a8\u5e7f\u8461\u8404\u9152\u7684\u70ed\u60c5\uff0c\u4ece\u800c\u4fdd\u6301\u59cb\u7ec8\u5982\u4e00\u7684\u54c1\u8d28\u3002<\/strong>Mons\u00e9gur\u5408\u4f5c\u793e\u7684\u6bcf\u540d\u6210\u5458\u5404\u5c3d\u5176\u624d\uff0c\u5f97\u5230\u7684\u916c\u52b3\u4e5f\u5f88\u4e30\u539a\uff0c\u4ea7\u54c1\u4e5f\u80fd\u786e\u4fdd\u8fbe\u5230\u6700\u4f73\u54c1\u8d28\u3002[\/vc_column_text][\/vc_column_inner][vc_column_inner offset=&#8221;vc_col-lg-6 vc_col-md-6 vc_col-xs-12&#8243;][vc_single_image image=&#8221;125&#8243; el_class=&#8221;pictopos&#8221;][vc_column_text el_class=&#8221;paragraphepositionnement&#8221;]\u5b9a\u5236\u54c1\u724c\u4e5f\u662f\u5408\u4f5c\u793e\u7684\u5f3a\u9879\u3002 <strong>\u6211\u4eec\u7684\u4f7f\u547d\u662f\uff0c\u4e3a\u54c1\u724c\u521b\u5efa\u63d0\u4f9b\u4ece\u59cb\u81f3\u7ec8\u7684\u670d\u52a1\u3002<\/strong>\u6b64\u5916\uff0c\u4e00\u65e6\u54c1\u724c\u5b8c\u6210\u540e\uff0c\u6211\u4eec\u4fdd\u8bc1\u6781\u77ed\u7684\u5236\u4f5c\u5468\u671f\uff083\u52304\u5468\uff09\u3002[\/vc_column_text][\/vc_column_inner][\/vc_row_inner][vc_row_inner el_class=&#8221;paraphpos2&#8243;][vc_column_inner offset=&#8221;vc_col-lg-6 vc_col-md-6 vc_col-xs-12&#8243;][vc_single_image image=&#8221;116&#8243; el_class=&#8221;pictopos&#8221;][vc_column_text el_class=&#8221;paragraphepositionnement&#8221;]\u6211\u4eec\u7684\u5b9a\u4ef7\u653f\u7b56\u76f8\u8f83\u4e8e\u4ea7\u54c1\u7684\u54c1\u8d28\u6781\u5176\u6709\u5229\u3002<strong>\u6211\u4eec\u5411\u5ba2\u6237\u627f\u8bfa\u8499\u585e\u53e4\u5c14\u5408\u4f5c\u793e\u7684\u9152\u5e84\u59cb\u7ec8\u5982\u4e00\u7684\u54c1\u8d28\uff0c<\/strong>\u00a0\u6bcf\u5e74\uff0c\u6211\u4eec\u7684\u54c1\u724c\u90fd\u8d62\u5f97\u6700\u5177\u6743\u5a01\u7684\u5956\u9879\u3002[\/vc_column_text][\/vc_column_inner][vc_column_inner offset=&#8221;vc_col-lg-6 vc_col-md-6 vc_col-xs-12&#8243;][vc_single_image image=&#8221;128&#8243; el_class=&#8221;pictopos&#8221;][vc_column_text el_class=&#8221;paragraphepositionnement&#8221;]\u6211\u4eec\u7684\u6876\u88c5\u8461\u8404\u9152\u5360\u4e86\u917f\u9152\u5382\u4ea7\u91cf\u768480%\u3002<strong>\u8bb8\u591a\u6700\u91cd\u8981\u7684\u6ce2\u5c14\u591a\uff08Bordeaux\uff09\u8461\u8404\u9152\u5546\u5c06\u8499\u585e\u53e4\u5c14\u5408\u4f5c\u793e\u7684\u8461\u8404\u9152<\/strong>\u5217\u5165\u5176\u6700\u8457\u540d\u7684\u54c1\u724c\u4e4b\u5217\u3002[\/vc_column_text][\/vc_column_inner][\/vc_row_inner][vc_row_inner el_class=&#8221;paraphpos2&#8243; css=&#8221;.vc_custom_1482243247185{margin-top: 30px !important;}&#8221;][vc_column_inner][vc_raw_html]JTBBJTNDdWwlMjBjbGFzcyUzRCUyMmxpc3RlYWNjdWVpbCUyMiUyMGlkJTNEJTIybGlzdGVudHJlcHJpc2UlMjIlM0UlMEElMEElM0NkaXYlMjBjbGFzcyUzRCUyMm1lbnVib3glMjIlM0UlMEElM0NhJTIwaHJlZiUzRCUyMmxlbnRyZXByaXNlJTJGJTIyJTNFJTNDbGklMjBpZCUzRCUyMnZpZ25vYmxlJTIyJTNFJTNDc3BhbiUzRWwlMjdlbnRyZXByaXNlJTNDJTJGc3BhbiUzRSUzQyUyRmxpJTNFJTNDJTJGYSUzRSUwQSUzQ2ElMjBocmVmJTNEJTIybGVzLWhvbW1lcyUyRiUyMiUzRSUzQ2xpJTIwaWQlM0QlMjJob21tZXMlMjIlM0UlM0NzcGFuJTNFbGVzJTIwaG9tbWVzJTNDJTJGc3BhbiUzRSUzQyUyRmxpJTNFJTNDJTJGYSUzRSUwQSUzQ2ElMjBocmVmJTNEJTIybm90cmUtZGlmZmVyZW5jZSUyRiUyMiUzRSUzQ2xpJTIwaWQlM0QlMjJkaWZmZXJlbmNlJTIyJTNFJTNDc3BhbiUzRW5vdHJlJTIwZGlmZiVDMyVBOXJlbmNlJTNDJTJGc3BhbiUzRSUzQyUyRmxpJTNFJTNDJTJGYSUzRSUwQSUzQyUyRmRpdiUzRSUwQSUzQyUyRnVsJTNF[\/vc_raw_html][\/vc_column_inner][\/vc_row_inner][\/vc_column][\/vc_row][vc_row el_class=&#8221;section&#8221;][vc_column el_class=&#8221;vins&#8221;][vc_row_inner][vc_column_inner el_class=&#8221;container&#8221;][vc_column_text]<\/p>\n<h2 class=\"titre\">\u6211\u4eec\u7684\u8461\u8404\u9152<\/h2>\n<p>[\/vc_column_text][\/vc_column_inner][\/vc_row_inner][vc_row_inner][vc_column_inner el_class=&#8221;espaceparaph&#8221;][vc_raw_html]JTNDZGl2JTIwY2xhc3MlM0QlMjJmbGV4JTIyJTNFJTBBJTNDdWwlMjBjbGFzcyUzRCUyMmxpc3RlYWNjdWVpbCUyMiUyMGlkJTNEJTIybGlzdGV2aW5zJTIyJTNFJTBBJTIwJTIwJTNDYSUyMGhyZWYlM0QlMjJsZS12cmFjJTJGJTIyJTNFJTNDbGklMjBpZCUzRCUyMnZyYWMlMjIlM0UlM0NzcGFuJTNFTGUlMjB2cmFjJTNDJTJGc3BhbiUzRSUzQyUyRmxpJTNFJTNDJTJGYSUzRSUwQSUyMCUyMCUzQ2ElMjBocmVmJTNEJTIybGF0ZWxpZXIlMkYlMjIlM0UlM0NsaSUyMGlkJTNEJTIyYXRlbGllciUyMiUzRSUzQ3NwYW4lM0VMJTI3YXRlbGllciUzQyUyRnNwYW4lM0UlM0MlMkZsaSUzRSUzQyUyRmElM0UlMEElMjAlMjAlM0NhJTIwaHJlZiUzRCUyMmxlcy1jaGF0ZWF1eCUyMiUzRSUzQ2xpJTIwaWQlM0QlMjJjaGF0ZWF1eCUyMiUzRSUzQ3NwYW4lM0VMZXMlMjBjaCVDMyVBMnRlYXV4JTNDJTJGc3BhbiUzRSUzQyUyRmxpJTNFJTNDJTJGYSUzRSUwQSUyMCUyMCUzQ2ElMjBocmVmJTNEJTIybGVzLW1hcnF1ZXMlMkYlMjIlM0UlM0NsaSUyMGlkJTNEJTIybWFycXVlcyUyMiUzRSUzQ3NwYW4lM0VMZXMlMjBtYXJxdWVzJTNDJTJGc3BhbiUzRSUzQyUyRmxpJTNFJTNDJTJGYSUzRSUwQSUzQyUyRnVsJTNFJTBBJTNDJTJGZGl2JTNF[\/vc_raw_html][\/vc_column_inner][\/vc_row_inner][\/vc_column][\/vc_row][vc_row el_class=&#8221;section&#8221;][vc_column el_class=&#8221;vie-cave&#8221;][vc_row_inner el_class=&#8221;section&#8221;][vc_column_inner el_class=&#8221;container&#8221;][vc_column_text]<\/p>\n<h2 class=\"titre\"><u><\/u>\u65b0\u95fb\u548c\u5956\u9879<\/h2>\n<p>[\/vc_column_text][\/vc_column_inner][\/vc_row_inner][vc_row_inner][vc_column_inner el_class=&#8221;espaceparaph&#8221;][vc_raw_html]JTNDZGl2JTIwY2xhc3MlM0QlMjJmbGV4JTIyJTNFJTBBJTNDdWwlMjBjbGFzcyUzRCUyMmxpc3RlYWNjdWVpbCUyMiUyMGlkJTNEJTIybGlzdGV2aWVjYXZlJTIyJTNFJTBBJTIwJTIwJTNDYSUyMGhyZWYlM0QlMjJhY3R1YWxpdGVzJTJGJTIyJTNFJTNDbGklMjBpZCUzRCUyMmFjdHVzJTIyJTNFJTNDc3BhbiUzRUFjdHVhbGl0JUMzJUE5cyUzQyUyRnNwYW4lM0UlM0MlMkZsaSUzRSUzQyUyRmElM0UlMEElMjAlMjAlM0NhJTIwaHJlZiUzRCUyMnJlY29tcGVuc2VzJTJGJTIyJTNFJTNDbGklMjBpZCUzRCUyMm1lZGFpbGxlcyUyMiUzRSUzQ3NwYW4lM0VSJUMzJUE5Y29tcGVuc2VzJTNDJTJGc3BhbiUzRSUzQyUyRmxpJTNFJTNDJTJGYSUzRSUwQSUzQyUyRnVsJTNFJTBBJTNDJTJGZGl2JTNF[\/vc_raw_html][\/vc_column_inner][\/vc_row_inner][\/vc_column][\/vc_row][vc_row el_class=&#8221;section&#8221;][vc_column el_class=&#8221;contact&#8221;][vc_row_inner][vc_column_inner el_class=&#8221;container&#8221;][vc_column_text]<\/p>\n<h2 class=\"titre\">\u8054\u7cfb\u6211\u4eec<\/h2>\n<p>[\/vc_column_text][\/vc_column_inner][\/vc_row_inner][vc_row_inner][vc_column_inner el_class=&#8221;espaceparaph&#8221;][vc_raw_html]JTNDZGl2JTIwY2xhc3MlM0QlMjJmbGV4JTIyJTNFJTBBJTNDdWwlMjBjbGFzcyUzRCUyMmxpc3RlYWNjdWVpbCUyMiUyMGlkJTNEJTIyJTIyJTNFJTBBJTIwJTIwJTNDYSUyMGhyZWYlM0QlMjJwYXJ0aWN1bGllcnMlMjIlM0UlM0NsaSUyMGlkJTNEJTIycGFydCUyMiUzRSUzQ3NwYW4lM0VQYXJ0aWN1bGllcnMlM0MlMkZzcGFuJTNFJTNDJTJGbGklM0UlM0MlMkZhJTNFJTBBJTIwJTIwJTNDYSUyMGhyZWYlM0QlMjJwcm9mZXNzaW9ubmVscyUyMiUzRSUzQ2xpJTIwaWQlM0QlMjJwcm8lMjIlM0UlM0NzcGFuJTNFUHJvZmVzc2lvbmVscyUzQyUyRnNwYW4lM0UlM0MlMkZsaSUzRSUzQyUyRmElM0UlMEElM0MlMkZ1bCUzRSUwQSUzQyUyRmRpdiUzRQ==[\/vc_raw_html][\/vc_column_inner][\/vc_row_inner][\/vc_column][\/vc_row]<\/p>\n<\/section>","protected":false},"excerpt":{"rendered":"<p>[vc_row full_height=&#8221;yes&#8221; content_placement=&#8221;middle&#8221; el_class=&#8221;vc_visible-xs section videhome &#8221; el_id=&#8221;sectionhome&#8221;][vc_column][vc_single_image image=&#8221;754&#8243; img_size=&#8221;full&#8221; alignment=&#8221;center&#8221; css=&#8221;.vc_custom_1482156678011{margin-top: 110px !important;margin-bottom: 200px !important;}&#8221; el_class=&#8221;logohome&#8221;][vc_column_text el_class=&#8221;textaccueil&#8221;] \u70b9\u51fbPlay\u89c2\u770b\u6211\u4eec\u7684 \u5c55\u793a\u89c6\u9891 [\/vc_column_text][vc_single_image image=&#8221;558&#8243; img_size=&#8221;full&#8221; alignment=&#8221;center&#8221; el_class=&#8221;gifenter&#8221;][\/vc_column][\/vc_row][vc_row el_class=&#8221;section&#8221; el_id=&#8221;homentreprise&#8221;][vc_column el_class=&#8221;entreprise&#8221;][vc_row_inner el_class=&#8221;section&#8221;][vc_column_inner el_class=&#8221;container&#8221;][vc_column_text] \u8499\u585e\u53e4\u5c14\u8461\u8404\u9152\u5e84\u8054\u5408\u4f53 [\/vc_column_text][\/vc_column_inner][\/vc_row_inner][vc_row_inner el_class=&#8221;paraphpos&#8221;][vc_column_inner offset=&#8221;vc_col-lg-6 vc_col-md-6 vc_col-xs-12&#8243;][vc_single_image image=&#8221;127&#8243; el_class=&#8221;pictopos&#8221;][vc_column_text el_class=&#8221;paragraphepositionnement&#8221;]\u8499\u585e\u53e4\u5c14\u8461\u8404\u79cd\u690d\u8005\u5408\u4f5c\u793e\u793e\u7684\u6807\u5fd7\u6027\u7279\u8d28\u662f\u201c\u5171\u4eab\u4ef7\u503c\u201d\u3002\u5bf9\u4e8e\u6b64\uff0c\u5408\u4f5c\u793e\u7684\u917f\u9152\u5e08\u548c\u5458\u5de5\u4e0d\u5b8c\u5168\u6307\u8461\u8404\u9152\u917f\u9020\u5de5\u827a\uff0c\u540c\u65f6\u8fd8\u6307\u4ed6\u4eec\u5171\u540c\u6000\u62b1\u5bf9\u751f\u4ea7\u548c\u63a8\u5e7f\u8461\u8404\u9152\u7684\u70ed\u60c5\uff0c\u4ece\u800c\u4fdd\u6301\u59cb\u7ec8\u5982\u4e00\u7684\u54c1\u8d28\u3002Mons\u00e9gur\u5408\u4f5c\u793e\u7684\u6bcf\u540d\u6210\u5458\u5404\u5c3d\u5176\u624d\uff0c\u5f97\u5230\u7684\u916c\u52b3\u4e5f\u5f88\u4e30\u539a\uff0c\u4ea7\u54c1\u4e5f\u80fd\u786e\u4fdd\u8fbe\u5230\u6700\u4f73\u54c1\u8d28\u3002[\/vc_column_text][\/vc_column_inner][vc_column_inner offset=&#8221;vc_col-lg-6 vc_col-md-6 vc_col-xs-12&#8243;][vc_single_image image=&#8221;125&#8243; el_class=&#8221;pictopos&#8221;][vc_column_text el_class=&#8221;paragraphepositionnement&#8221;]\u5b9a\u5236\u54c1\u724c\u4e5f\u662f\u5408\u4f5c\u793e\u7684\u5f3a\u9879\u3002 \u6211\u4eec\u7684\u4f7f\u547d\u662f\uff0c\u4e3a\u54c1\u724c\u521b\u5efa\u63d0\u4f9b\u4ece\u59cb\u81f3\u7ec8\u7684\u670d\u52a1\u3002\u6b64\u5916\uff0c\u4e00\u65e6\u54c1\u724c\u5b8c\u6210\u540e\uff0c\u6211\u4eec\u4fdd\u8bc1\u6781\u77ed\u7684\u5236\u4f5c\u5468\u671f\uff083\u52304\u5468\uff09\u3002[\/vc_column_text][\/vc_column_inner][\/vc_row_inner][vc_row_inner el_class=&#8221;paraphpos2&#8243;][vc_column_inner offset=&#8221;vc_col-lg-6 vc_col-md-6 vc_col-xs-12&#8243;][vc_single_image image=&#8221;116&#8243; el_class=&#8221;pictopos&#8221;][vc_column_text el_class=&#8221;paragraphepositionnement&#8221;]\u6211\u4eec\u7684\u5b9a\u4ef7\u653f\u7b56\u76f8\u8f83\u4e8e\u4ea7\u54c1\u7684\u54c1\u8d28\u6781\u5176\u6709\u5229\u3002\u6211\u4eec\u5411\u5ba2\u6237\u627f\u8bfa\u8499\u585e\u53e4\u5c14\u5408\u4f5c\u793e\u7684\u9152\u5e84\u59cb\u7ec8\u5982\u4e00\u7684\u54c1\u8d28\uff0c\u00a0\u6bcf\u5e74\uff0c\u6211\u4eec\u7684\u54c1\u724c\u90fd\u8d62\u5f97\u6700\u5177\u6743\u5a01\u7684\u5956\u9879\u3002[\/vc_column_text][\/vc_column_inner][vc_column_inner offset=&#8221;vc_col-lg-6 vc_col-md-6 [&hellip;]<\/p>\n","protected":false},"author":1,"featured_media":0,"parent":0,"menu_order":0,"comment_status":"closed","ping_status":"closed","template":"template-home.php","meta":[],"acf":[],"yoast_head":"<!-- This site is optimized with the Yoast SEO plugin v19.10 - https:\/\/yoast.com\/wordpress\/plugins\/seo\/ -->\n<title>Les Vignerons R\u00e9unis de Mons\u00e9gur - Cave coop\u00e9rative viticole<\/title>\n<meta name=\"description\" content=\"C\u2019est en 1936 qu\u2019un petit groupe de viticulteurs, conscients de la n\u00e9cessit\u00e9 d\u2019unir leurs forces, cr\u00e9a la cave coop\u00e9rative de Mons\u00e9gur tout pr\u00e8s de Bordeaux\" \/>\n<meta name=\"robots\" content=\"index, follow, max-snippet:-1, max-image-preview:large, max-video-preview:-1\" \/>\n<link rel=\"canonical\" href=\"https:\/\/www.cave-de-monsegur.com\/zh-hans\/\" \/>\n<meta property=\"og:locale\" content=\"zh_CN\" \/>\n<meta property=\"og:type\" content=\"article\" \/>\n<meta property=\"og:title\" content=\"Les Vignerons R\u00e9unis de Mons\u00e9gur - Cave coop\u00e9rative viticole\" \/>\n<meta property=\"og:description\" content=\"C\u2019est en 1936 qu\u2019un petit groupe de viticulteurs, conscients de la n\u00e9cessit\u00e9 d\u2019unir leurs forces, cr\u00e9a la cave coop\u00e9rative de Mons\u00e9gur tout pr\u00e8s de Bordeaux\" \/>\n<meta property=\"og:url\" content=\"https:\/\/www.cave-de-monsegur.com\/zh-hans\/\" \/>\n<meta property=\"og:site_name\" content=\"Les Vignerons R\u00e9unis de Mons\u00e9gur\" \/>\n<meta property=\"article:modified_time\" content=\"2017-12-10T16:58:19+00:00\" \/>\n<meta name=\"twitter:card\" content=\"summary_large_image\" \/>\n<meta name=\"twitter:label1\" content=\"Est. reading time\" \/>\n\t<meta name=\"twitter:data1\" content=\"3 minutes\" \/>\n<script type=\"application\/ld+json\" class=\"yoast-schema-graph\">{\"@context\":\"https:\/\/schema.org\",\"@graph\":[{\"@type\":\"WebPage\",\"@id\":\"https:\/\/www.cave-de-monsegur.com\/zh-hans\/\",\"url\":\"https:\/\/www.cave-de-monsegur.com\/zh-hans\/\",\"name\":\"Les Vignerons R\u00e9unis de Mons\u00e9gur - Cave coop\u00e9rative viticole\",\"isPartOf\":{\"@id\":\"https:\/\/www.cave-de-monsegur.com\/en\/#website\"},\"datePublished\":\"2016-09-05T11:55:03+00:00\",\"dateModified\":\"2017-12-10T16:58:19+00:00\",\"description\":\"C\u2019est en 1936 qu\u2019un petit groupe de viticulteurs, conscients de la n\u00e9cessit\u00e9 d\u2019unir leurs forces, cr\u00e9a la cave coop\u00e9rative de Mons\u00e9gur tout pr\u00e8s de Bordeaux\",\"breadcrumb\":{\"@id\":\"https:\/\/www.cave-de-monsegur.com\/zh-hans\/#breadcrumb\"},\"inLanguage\":\"zh-CN\",\"potentialAction\":[{\"@type\":\"ReadAction\",\"target\":[\"https:\/\/www.cave-de-monsegur.com\/zh-hans\/\"]}]},{\"@type\":\"BreadcrumbList\",\"@id\":\"https:\/\/www.cave-de-monsegur.com\/zh-hans\/#breadcrumb\",\"itemListElement\":[{\"@type\":\"ListItem\",\"position\":1,\"name\":\"Accueil\",\"item\":\"https:\/\/www.cave-de-monsegur.com\/zh-hans\/\"},{\"@type\":\"ListItem\",\"position\":2,\"name\":\"\u9996\u9875\"}]},{\"@type\":\"WebSite\",\"@id\":\"https:\/\/www.cave-de-monsegur.com\/en\/#website\",\"url\":\"https:\/\/www.cave-de-monsegur.com\/en\/\",\"name\":\"Les Vignerons R\u00e9unis de Mons\u00e9gur\",\"description\":\"Cave, Vin, Bordeaux, Export, ...\",\"potentialAction\":[{\"@type\":\"SearchAction\",\"target\":{\"@type\":\"EntryPoint\",\"urlTemplate\":\"https:\/\/www.cave-de-monsegur.com\/en\/?s={search_term_string}\"},\"query-input\":\"required name=search_term_string\"}],\"inLanguage\":\"zh-CN\"}]}<\/script>\n<!-- \/ Yoast SEO plugin. -->","yoast_head_json":{"title":"Les Vignerons R\u00e9unis de Mons\u00e9gur - Cave coop\u00e9rative viticole","description":"C\u2019est en 1936 qu\u2019un petit groupe de viticulteurs, conscients de la n\u00e9cessit\u00e9 d\u2019unir leurs forces, cr\u00e9a la cave coop\u00e9rative de Mons\u00e9gur tout pr\u00e8s de Bordeaux","robots":{"index":"index","follow":"follow","max-snippet":"max-snippet:-1","max-image-preview":"max-image-preview:large","max-video-preview":"max-video-preview:-1"},"canonical":"https:\/\/www.cave-de-monsegur.com\/zh-hans\/","og_locale":"zh_CN","og_type":"article","og_title":"Les Vignerons R\u00e9unis de Mons\u00e9gur - Cave coop\u00e9rative viticole","og_description":"C\u2019est en 1936 qu\u2019un petit groupe de viticulteurs, conscients de la n\u00e9cessit\u00e9 d\u2019unir leurs forces, cr\u00e9a la cave coop\u00e9rative de Mons\u00e9gur tout pr\u00e8s de Bordeaux","og_url":"https:\/\/www.cave-de-monsegur.com\/zh-hans\/","og_site_name":"Les Vignerons R\u00e9unis de Mons\u00e9gur","article_modified_time":"2017-12-10T16:58:19+00:00","twitter_card":"summary_large_image","twitter_misc":{"Est. reading time":"3 minutes"},"schema":{"@context":"https:\/\/schema.org","@graph":[{"@type":"WebPage","@id":"https:\/\/www.cave-de-monsegur.com\/zh-hans\/","url":"https:\/\/www.cave-de-monsegur.com\/zh-hans\/","name":"Les Vignerons R\u00e9unis de Mons\u00e9gur - Cave coop\u00e9rative viticole","isPartOf":{"@id":"https:\/\/www.cave-de-monsegur.com\/en\/#website"},"datePublished":"2016-09-05T11:55:03+00:00","dateModified":"2017-12-10T16:58:19+00:00","description":"C\u2019est en 1936 qu\u2019un petit groupe de viticulteurs, conscients de la n\u00e9cessit\u00e9 d\u2019unir leurs forces, cr\u00e9a la cave coop\u00e9rative de Mons\u00e9gur tout pr\u00e8s de Bordeaux","breadcrumb":{"@id":"https:\/\/www.cave-de-monsegur.com\/zh-hans\/#breadcrumb"},"inLanguage":"zh-CN","potentialAction":[{"@type":"ReadAction","target":["https:\/\/www.cave-de-monsegur.com\/zh-hans\/"]}]},{"@type":"BreadcrumbList","@id":"https:\/\/www.cave-de-monsegur.com\/zh-hans\/#breadcrumb","itemListElement":[{"@type":"ListItem","position":1,"name":"Accueil","item":"https:\/\/www.cave-de-monsegur.com\/zh-hans\/"},{"@type":"ListItem","position":2,"name":"\u9996\u9875"}]},{"@type":"WebSite","@id":"https:\/\/www.cave-de-monsegur.com\/en\/#website","url":"https:\/\/www.cave-de-monsegur.com\/en\/","name":"Les Vignerons R\u00e9unis de Mons\u00e9gur","description":"Cave, Vin, Bordeaux, Export, ...","potentialAction":[{"@type":"SearchAction","target":{"@type":"EntryPoint","urlTemplate":"https:\/\/www.cave-de-monsegur.com\/en\/?s={search_term_string}"},"query-input":"required name=search_term_string"}],"inLanguage":"zh-CN"}]}},"_links":{"self":[{"href":"https:\/\/www.cave-de-monsegur.com\/zh-hans\/wp-json\/wp\/v2\/pages\/1119"}],"collection":[{"href":"https:\/\/www.cave-de-monsegur.com\/zh-hans\/wp-json\/wp\/v2\/pages"}],"about":[{"href":"https:\/\/www.cave-de-monsegur.com\/zh-hans\/wp-json\/wp\/v2\/types\/page"}],"author":[{"embeddable":true,"href":"https:\/\/www.cave-de-monsegur.com\/zh-hans\/wp-json\/wp\/v2\/users\/1"}],"replies":[{"embeddable":true,"href":"https:\/\/www.cave-de-monsegur.com\/zh-hans\/wp-json\/wp\/v2\/comments?post=1119"}],"version-history":[{"count":9,"href":"https:\/\/www.cave-de-monsegur.com\/zh-hans\/wp-json\/wp\/v2\/pages\/1119\/revisions"}],"predecessor-version":[{"id":1591,"href":"https:\/\/www.cave-de-monsegur.com\/zh-hans\/wp-json\/wp\/v2\/pages\/1119\/revisions\/1591"}],"wp:attachment":[{"href":"https:\/\/www.cave-de-monsegur.com\/zh-hans\/wp-json\/wp\/v2\/media?parent=1119"}],"curies":[{"name":"wp","href":"https:\/\/api.w.org\/{rel}","templated":true}]}}