{"id":1350,"date":"2016-11-25T14:51:31","date_gmt":"2016-11-25T13:51:31","guid":{"rendered":"https:\/\/www.cave-de-monsegur.com\/professionnels\/?lang=en"},"modified":"2026-01-20T14:46:50","modified_gmt":"2026-01-20T13:46:50","slug":"professionnals","status":"publish","type":"page","link":"https:\/\/www.cave-de-monsegur.com\/en\/professionnals\/","title":{"rendered":"Professionals"},"content":{"rendered":"<section class=\"wpb-content-wrapper\"><p>[vc_row][vc_column width=&#8221;1\/3&#8243; el_class=&#8221;boxcontact&#8221;][vc_column_text]<\/p>\n<h3 style=\"text-align: center;\"><u><\/u>H\u00e9lo\u00efse PACAUD<\/h3>\n<p>[\/vc_column_text][vc_single_image image=&#8221;1987&#8243; img_size=&#8221;medium&#8221; alignment=&#8221;center&#8221;][vc_column_text]<\/p>\n<p class=\"m_-756387476219313607m-2599965976104678767msolistparagraph\" style=\"text-align: center;\">General Director<br \/>\n<a href=\"tel:%2B33%280%295%2056%2061%2061%2085\" target=\"_blank\" rel=\"noopener\">+33(0)5 56 61 61 85<br \/>\n<\/a><a href=\"mailto:direction@cave-de-monsegur.com\" target=\"_blank\" rel=\"noopener\">heloise@cave-de-monsegur.com<\/a><\/p>\n<p>[\/vc_column_text][\/vc_column][vc_column width=&#8221;1\/3&#8243;][vc_column_text]<\/p>\n<h3 style=\"text-align: center;\"><u><\/u>Thierry COUSSEAU<\/h3>\n<p>[\/vc_column_text][vc_single_image image=&#8221;1989&#8243; img_size=&#8221;medium&#8221; alignment=&#8221;center&#8221;][vc_column_text]<\/p>\n<p class=\"m_-756387476219313607m-2599965976104678767msolistparagraph\" style=\"text-align: center;\">Cellar Master<br \/>\n<a href=\"tel:%2B33%280%295%2056%2061%2061%2085\" target=\"_blank\" rel=\"noopener\">+33(0)5 56 61 61 85<\/a><\/p>\n<p>[\/vc_column_text][vc_column_text]<\/p>\n<p>I am text block. Click edit button to change this text. Lorem ipsum dolor sit amet, consectetur adipiscing elit. Ut elit tellus, luctus nec ullamcorper mattis, pulvinar dapibus leo.<\/p>\n<p>[\/vc_column_text][\/vc_column][vc_column width=&#8221;1\/3&#8243;][vc_column_text]<\/p>\n<h3 style=\"text-align: center;\"><u><\/u>EXPORT DEPARTMENT<\/h3>\n<p>[\/vc_column_text][vc_single_image image=&#8221;2152&#8243; img_size=&#8221;medium&#8221; alignment=&#8221;center&#8221;][vc_column_text]<\/p>\n<p class=\"m_-756387476219313607m-2599965976104678767msolistparagraph\" style=\"text-align: center;\">Not sure who to send your request to?<\/p>\n<p class=\"m_-756387476219313607m-2599965976104678767msolistparagraph\" style=\"text-align: center;\"><a href=\"tel:+33(0)650985506\">+33(0)6 50 98 55 06<\/a><br \/>\n<a href=\"mailto:commercial@cave-de-monsegur.com\" target=\"_blank\" rel=\"noopener\">commercial@cave-de-monsegur.<wbr \/>com<\/a><\/p>\n<p>[\/vc_column_text][\/vc_column][\/vc_row][vc_row][vc_column width=&#8221;1\/3&#8243; el_class=&#8221;boxcontact&#8221;][vc_column_text]<\/p>\n<h3 style=\"text-align: center;\"><u><\/u>Rose-Marie ETIENNE<\/h3>\n<p>[\/vc_column_text][vc_single_image image=&#8221;1983&#8243; img_size=&#8221;medium&#8221; alignment=&#8221;center&#8221;][vc_column_text]<\/p>\n<p class=\"m_-756387476219313607m-2599965976104678767msolistparagraph\" style=\"text-align: center;\">Area Manager Europe, Africa, India<br \/>\n<a href=\"tel:+33(0)7 64 80 92 08\" target=\"_blank\" rel=\"noopener\">+33(0)7 64 80 92 08<br \/>\n<\/a><a href=\"mailto:rose.marie@cave-de-monsegur.com\" target=\"_blank\" rel=\"noopener\">rose.marie@cave-de-monsegur.com<\/a><\/p>\n<p>[\/vc_column_text][\/vc_column][vc_column width=&#8221;1\/3&#8243;][vc_column_text]<\/p>\n<h3 style=\"text-align: center;\"><u><\/u>Emma TOUZALIN<\/h3>\n<p>[\/vc_column_text][vc_single_image image=&#8221;2228&#8243; img_size=&#8221;medium&#8221; alignment=&#8221;center&#8221;][vc_column_text]<\/p>\n<p class=\"m_-756387476219313607m-2599965976104678767msolistparagraph\" style=\"text-align: center;\">Area Manager North America &amp; Asia<\/p>\n<p class=\"m_-756387476219313607m-2599965976104678767msolistparagraph\" style=\"text-align: center;\"><a href=\"tel:+33(0)762477946\">+33(0)7 62 47 79 46<\/a><br \/>\n<a href=\"mailto:emma@cave-de-monsegur.com\" target=\"_blank\" rel=\"noopener\">emma@cave-de-monsegur.<wbr \/>com<\/a><\/p>\n<p>[\/vc_column_text][\/vc_column][vc_column width=&#8221;1\/3&#8243;][vc_column_text]<\/p>\n<h3 style=\"text-align: center;\"><u><\/u> <u><\/u>Pierre-Olivier RIVES<\/h3>\n<p>[\/vc_column_text][vc_single_image image=&#8221;735&#8243; img_size=&#8221;medium&#8221; alignment=&#8221;center&#8221;][vc_column_text]<\/p>\n<p class=\"m_-756387476219313607m-2599965976104678767msolistparagraph\" style=\"text-align: center;\">Agent &#8211; CHINA<br \/>\n(+86) 18221072474<a href=\"tel:%28%2B86%29%2018221072474\" target=\"_blank\" rel=\"noopener\"><br \/>\n<\/a><a href=\"mailto:po.rives@cave-de-monsegur.com\" target=\"_blank\" rel=\"noopener\">po.rives@cave-de-monsegur.com<\/a><\/p>\n<p>[\/vc_column_text][\/vc_column][\/vc_row][vc_row][vc_column width=&#8221;1\/3&#8243;][vc_column_text]<\/p>\n<h3 style=\"text-align: center;\"><u><\/u> <u><\/u>Sandrine\u00a0DEFER<\/h3>\n<p>[\/vc_column_text][vc_single_image image=&#8221;1990&#8243; img_size=&#8221;medium&#8221; alignment=&#8221;center&#8221;][vc_column_text]<\/p>\n<p class=\"m_-756387476219313607m-2599965976104678767msolistparagraph\" style=\"text-align: center;\">Marketing and Production Manager<br \/>\n<a href=\"tel:\u00a0+33(0)6 50 98 55 06\">\u00a0+33(0)6 50 98 55 06<\/a><a href=\"tel:%2B33%280%299%2067%2047%2089%2005\" target=\"_blank\" rel=\"noopener\"><br \/>\n<\/a><a href=\"mailto:sandrined.monsegur@gmail.com\" target=\"_blank\" rel=\"noopener\"><span class=\"il\">sandrined.monsegur@gmail.com<\/span><\/a><\/p>\n<p>[\/vc_column_text][\/vc_column][vc_column width=&#8221;1\/3&#8243;][vc_column_text]<\/p>\n<h3 style=\"text-align: center;\"><u><\/u>Laura\u00a0BLAISE<\/h3>\n<p>[\/vc_column_text][vc_single_image image=&#8221;1991&#8243; img_size=&#8221;medium&#8221; alignment=&#8221;center&#8221;][vc_column_text]<\/p>\n<p class=\"m_-756387476219313607m-2599965976104678767msolistparagraph\" style=\"text-align: center;\">Sales Assistant<br \/>\n<a href=\"tel:\u00a0+33(0)6 50 98 55 06\">+33(0)6 50 98 55 06<\/a><br \/>\n<a href=\"mailto:adv.monsegur@gmail.com\" target=\"_blank\" rel=\"noopener\">adv.monsegur@gmail.com<\/a><\/p>\n<p>[\/vc_column_text][\/vc_column][\/vc_row][vc_row][vc_column][vc_column_text el_class=&#8221;boxcontact&#8221; css=&#8221;.vc_custom_1686918400794{margin-top: 50px !important;}&#8221;]<\/p>\n<p style=\"text-align: center;\">SCA Les Vignerons R\u00e9unis de Mons\u00e9gur<br \/>\n1 Grand Champ, 33580 Le Puy, France<br \/>\nTel : 05 56 61 61 85<br \/>\n<a href=\"mailto:cave-de-monsegur@wanadoo.fr\" target=\"_blank\" rel=\"noopener\">cave-de-monsegur@wanadoo.fr<\/a><\/p>\n<p>[\/vc_column_text][\/vc_column][\/vc_row]<\/p>\n<\/section>","protected":false},"excerpt":{"rendered":"<p>[vc_row][vc_column width=&#8221;1\/3&#8243; el_class=&#8221;boxcontact&#8221;][vc_column_text] H\u00e9lo\u00efse PACAUD [\/vc_column_text][vc_single_image image=&#8221;1987&#8243; img_size=&#8221;medium&#8221; alignment=&#8221;center&#8221;][vc_column_text] General Director +33(0)5 56 61 61 85 heloise@cave-de-monsegur.com [\/vc_column_text][\/vc_column][vc_column width=&#8221;1\/3&#8243;][vc_column_text] Thierry COUSSEAU [\/vc_column_text][vc_single_image image=&#8221;1989&#8243; img_size=&#8221;medium&#8221; alignment=&#8221;center&#8221;][vc_column_text] Cellar Master +33(0)5 56 61 61 85 [\/vc_column_text][vc_column_text] I am text block. Click edit button to change this text. Lorem ipsum dolor sit amet, consectetur adipiscing elit. Ut elit tellus, [&hellip;]<\/p>\n","protected":false},"author":1,"featured_media":0,"parent":0,"menu_order":0,"comment_status":"closed","ping_status":"closed","template":"template-default.php","meta":[],"acf":[],"yoast_head":"<!-- This site is optimized with the Yoast SEO plugin v19.10 - https:\/\/yoast.com\/wordpress\/plugins\/seo\/ -->\n<title>Professionals - Les Vignerons R\u00e9unis de Mons\u00e9gur<\/title>\n<meta name=\"description\" content=\"Si vous avez la moindre question, n&#039;h\u00e9sitez pas \u00e0 contacter l&#039;un des membres de notre \u00e9quipe au num\u00e9ro ou \u00e0 l&#039;adresse affich\u00e9e.\" \/>\n<meta name=\"robots\" content=\"index, follow, max-snippet:-1, max-image-preview:large, max-video-preview:-1\" \/>\n<link rel=\"canonical\" href=\"https:\/\/www.cave-de-monsegur.com\/en\/professionnals\/\" \/>\n<meta property=\"og:locale\" content=\"en_US\" \/>\n<meta property=\"og:type\" content=\"article\" \/>\n<meta property=\"og:title\" content=\"Professionals - Les Vignerons R\u00e9unis de Mons\u00e9gur\" \/>\n<meta property=\"og:description\" content=\"Si vous avez la moindre question, n&#039;h\u00e9sitez pas \u00e0 contacter l&#039;un des membres de notre \u00e9quipe au num\u00e9ro ou \u00e0 l&#039;adresse affich\u00e9e.\" \/>\n<meta property=\"og:url\" content=\"https:\/\/www.cave-de-monsegur.com\/en\/professionnals\/\" \/>\n<meta property=\"og:site_name\" content=\"Les Vignerons R\u00e9unis de Mons\u00e9gur\" \/>\n<meta property=\"article:modified_time\" content=\"2026-01-20T13:46:50+00:00\" \/>\n<meta name=\"twitter:card\" content=\"summary_large_image\" \/>\n<meta name=\"twitter:label1\" content=\"Est. reading time\" \/>\n\t<meta name=\"twitter:data1\" content=\"2 minutes\" \/>\n<script type=\"application\/ld+json\" class=\"yoast-schema-graph\">{\"@context\":\"https:\/\/schema.org\",\"@graph\":[{\"@type\":\"WebPage\",\"@id\":\"https:\/\/www.cave-de-monsegur.com\/en\/professionnals\/\",\"url\":\"https:\/\/www.cave-de-monsegur.com\/en\/professionnals\/\",\"name\":\"Professionals - Les Vignerons R\u00e9unis de Mons\u00e9gur\",\"isPartOf\":{\"@id\":\"https:\/\/www.cave-de-monsegur.com\/en\/#website\"},\"datePublished\":\"2016-11-25T13:51:31+00:00\",\"dateModified\":\"2026-01-20T13:46:50+00:00\",\"description\":\"Si vous avez la moindre question, n'h\u00e9sitez pas \u00e0 contacter l'un des membres de notre \u00e9quipe au num\u00e9ro ou \u00e0 l'adresse affich\u00e9e.\",\"breadcrumb\":{\"@id\":\"https:\/\/www.cave-de-monsegur.com\/en\/professionnals\/#breadcrumb\"},\"inLanguage\":\"en-US\",\"potentialAction\":[{\"@type\":\"ReadAction\",\"target\":[\"https:\/\/www.cave-de-monsegur.com\/en\/professionnals\/\"]}]},{\"@type\":\"BreadcrumbList\",\"@id\":\"https:\/\/www.cave-de-monsegur.com\/en\/professionnals\/#breadcrumb\",\"itemListElement\":[{\"@type\":\"ListItem\",\"position\":1,\"name\":\"Accueil\",\"item\":\"https:\/\/www.cave-de-monsegur.com\/en\/\"},{\"@type\":\"ListItem\",\"position\":2,\"name\":\"Professionals\"}]},{\"@type\":\"WebSite\",\"@id\":\"https:\/\/www.cave-de-monsegur.com\/en\/#website\",\"url\":\"https:\/\/www.cave-de-monsegur.com\/en\/\",\"name\":\"Les Vignerons R\u00e9unis de Mons\u00e9gur\",\"description\":\"Cave, Vin, Bordeaux, Export, ...\",\"potentialAction\":[{\"@type\":\"SearchAction\",\"target\":{\"@type\":\"EntryPoint\",\"urlTemplate\":\"https:\/\/www.cave-de-monsegur.com\/en\/?s={search_term_string}\"},\"query-input\":\"required name=search_term_string\"}],\"inLanguage\":\"en-US\"}]}<\/script>\n<!-- \/ Yoast SEO plugin. -->","yoast_head_json":{"title":"Professionals - Les Vignerons R\u00e9unis de Mons\u00e9gur","description":"Si vous avez la moindre question, n'h\u00e9sitez pas \u00e0 contacter l'un des membres de notre \u00e9quipe au num\u00e9ro ou \u00e0 l'adresse affich\u00e9e.","robots":{"index":"index","follow":"follow","max-snippet":"max-snippet:-1","max-image-preview":"max-image-preview:large","max-video-preview":"max-video-preview:-1"},"canonical":"https:\/\/www.cave-de-monsegur.com\/en\/professionnals\/","og_locale":"en_US","og_type":"article","og_title":"Professionals - Les Vignerons R\u00e9unis de Mons\u00e9gur","og_description":"Si vous avez la moindre question, n'h\u00e9sitez pas \u00e0 contacter l'un des membres de notre \u00e9quipe au num\u00e9ro ou \u00e0 l'adresse affich\u00e9e.","og_url":"https:\/\/www.cave-de-monsegur.com\/en\/professionnals\/","og_site_name":"Les Vignerons R\u00e9unis de Mons\u00e9gur","article_modified_time":"2026-01-20T13:46:50+00:00","twitter_card":"summary_large_image","twitter_misc":{"Est. reading time":"2 minutes"},"schema":{"@context":"https:\/\/schema.org","@graph":[{"@type":"WebPage","@id":"https:\/\/www.cave-de-monsegur.com\/en\/professionnals\/","url":"https:\/\/www.cave-de-monsegur.com\/en\/professionnals\/","name":"Professionals - Les Vignerons R\u00e9unis de Mons\u00e9gur","isPartOf":{"@id":"https:\/\/www.cave-de-monsegur.com\/en\/#website"},"datePublished":"2016-11-25T13:51:31+00:00","dateModified":"2026-01-20T13:46:50+00:00","description":"Si vous avez la moindre question, n'h\u00e9sitez pas \u00e0 contacter l'un des membres de notre \u00e9quipe au num\u00e9ro ou \u00e0 l'adresse affich\u00e9e.","breadcrumb":{"@id":"https:\/\/www.cave-de-monsegur.com\/en\/professionnals\/#breadcrumb"},"inLanguage":"en-US","potentialAction":[{"@type":"ReadAction","target":["https:\/\/www.cave-de-monsegur.com\/en\/professionnals\/"]}]},{"@type":"BreadcrumbList","@id":"https:\/\/www.cave-de-monsegur.com\/en\/professionnals\/#breadcrumb","itemListElement":[{"@type":"ListItem","position":1,"name":"Accueil","item":"https:\/\/www.cave-de-monsegur.com\/en\/"},{"@type":"ListItem","position":2,"name":"Professionals"}]},{"@type":"WebSite","@id":"https:\/\/www.cave-de-monsegur.com\/en\/#website","url":"https:\/\/www.cave-de-monsegur.com\/en\/","name":"Les Vignerons R\u00e9unis de Mons\u00e9gur","description":"Cave, Vin, Bordeaux, Export, ...","potentialAction":[{"@type":"SearchAction","target":{"@type":"EntryPoint","urlTemplate":"https:\/\/www.cave-de-monsegur.com\/en\/?s={search_term_string}"},"query-input":"required name=search_term_string"}],"inLanguage":"en-US"}]}},"_links":{"self":[{"href":"https:\/\/www.cave-de-monsegur.com\/en\/wp-json\/wp\/v2\/pages\/1350"}],"collection":[{"href":"https:\/\/www.cave-de-monsegur.com\/en\/wp-json\/wp\/v2\/pages"}],"about":[{"href":"https:\/\/www.cave-de-monsegur.com\/en\/wp-json\/wp\/v2\/types\/page"}],"author":[{"embeddable":true,"href":"https:\/\/www.cave-de-monsegur.com\/en\/wp-json\/wp\/v2\/users\/1"}],"replies":[{"embeddable":true,"href":"https:\/\/www.cave-de-monsegur.com\/en\/wp-json\/wp\/v2\/comments?post=1350"}],"version-history":[{"count":10,"href":"https:\/\/www.cave-de-monsegur.com\/en\/wp-json\/wp\/v2\/pages\/1350\/revisions"}],"predecessor-version":[{"id":2230,"href":"https:\/\/www.cave-de-monsegur.com\/en\/wp-json\/wp\/v2\/pages\/1350\/revisions\/2230"}],"wp:attachment":[{"href":"https:\/\/www.cave-de-monsegur.com\/en\/wp-json\/wp\/v2\/media?parent=1350"}],"curies":[{"name":"wp","href":"https:\/\/api.w.org\/{rel}","templated":true}]}}