{"id":122,"date":"2016-09-05T13:55:03","date_gmt":"2016-09-05T11:55:03","guid":{"rendered":"http:\/\/cave-de-monsegur.com\/accueil\/?lang=en"},"modified":"2017-12-10T14:05:02","modified_gmt":"2017-12-10T13:05:02","slug":"home-page","status":"publish","type":"page","link":"https:\/\/www.cave-de-monsegur.com\/en\/","title":{"rendered":"Home Page"},"content":{"rendered":"<section class=\"wpb-content-wrapper\"><p>[vc_row full_height=&#8221;yes&#8221; content_placement=&#8221;middle&#8221; el_class=&#8221;vc_visible-xs section videhome &#8221; el_id=&#8221;sectionhome&#8221;][vc_column][vc_single_image image=&#8221;754&#8243; img_size=&#8221;full&#8221; alignment=&#8221;center&#8221; css=&#8221;.vc_custom_1482156678011{margin-top: 110px !important;margin-bottom: 200px !important;}&#8221; el_class=&#8221;logohome&#8221;][vc_column_text el_class=&#8221;textaccueil&#8221;]<\/p>\n<p style=\"text-align: center;\">Push play to access our<\/p>\n<p style=\"text-align: center;\">video presentation<\/p>\n<p>[\/vc_column_text][vc_single_image image=&#8221;558&#8243; img_size=&#8221;full&#8221; alignment=&#8221;center&#8221; el_class=&#8221;gifenter&#8221;][\/vc_column][\/vc_row][vc_row el_class=&#8221;section&#8221; el_id=&#8221;homentreprise&#8221;][vc_column el_class=&#8221;entreprise&#8221;][vc_row_inner el_class=&#8221;section&#8221;][vc_column_inner el_class=&#8221;container&#8221;][vc_column_text]<\/p>\n<h2 class=\"titre\" style=\"text-align: center;\">LES VIGNERONS REUNIS DE MONSEGUR<\/h2>\n<p>&nbsp;<\/p>\n<p><strong>\u00a0<\/strong>[\/vc_column_text][\/vc_column_inner][\/vc_row_inner][vc_row_inner el_class=&#8221;paraphpos&#8221;][vc_column_inner offset=&#8221;vc_col-lg-6 vc_col-md-6 vc_col-xs-12&#8243;][vc_single_image image=&#8221;127&#8243; el_class=&#8221;pictopos&#8221;][vc_column_text el_class=&#8221;paragraphepositionnement&#8221;]The Mons\u00e9gur winegrowers\u00a0cooperative\u2019s signature trait is &#8220;shared values&#8221;. <strong>The cooperative\u2019s winemakers and employees are not only fully implicated in the wine making process, but also share a passion for producing and marketing wine in order to preserve a constant and consistent quality. <\/strong>Everyone at the Mons\u00e9gur Cooperative gives the best of him or herself so that each member of the cooperative is paid fairly and the final product is of the best quality possible.[\/vc_column_text][\/vc_column_inner][vc_column_inner offset=&#8221;vc_col-lg-6 vc_col-md-6 vc_col-xs-12&#8243;][vc_single_image image=&#8221;125&#8243; el_class=&#8221;pictopos&#8221;][vc_column_text el_class=&#8221;paragraphepositionnement&#8221;]Custom branding is also one of the cooperative\u2019s \u201csavoir-faire.\u201d <strong>Our mission is to accompany our customers in the creation of their brand from A to Z.<\/strong> In addition we guarantee short production times (3 to 4 weeks) once the brand is finished.[\/vc_column_text][\/vc_column_inner][\/vc_row_inner][vc_row_inner el_class=&#8221;paraphpos2&#8243;][vc_column_inner offset=&#8221;vc_col-lg-6 vc_col-md-6 vc_col-xs-12&#8243;][vc_single_image image=&#8221;116&#8243; el_class=&#8221;pictopos&#8221;][vc_column_text el_class=&#8221;paragraphepositionnement&#8221;]Our pricing policy is very advantageous given the quality of our products. <strong>The Mons\u00e9gur Coop\u00e9rative&#8217;s Ch\u00e2teaux can promise our customers a consistent level of quality<\/strong>\u00a0and our brands win the most prestigious medals each year.[\/vc_column_text][\/vc_column_inner][vc_column_inner offset=&#8221;vc_col-lg-6 vc_col-md-6 vc_col-xs-12&#8243;][vc_single_image image=&#8221;128&#8243; el_class=&#8221;pictopos&#8221;][vc_column_text el_class=&#8221;paragraphepositionnement&#8221;]Our bulk wine represents 80% of the winery\u2019s production. <strong>Many of the most important Bordeaux wine merchants use the Mons\u00e9gur Cooperative\u2019s wine<\/strong> in the assembly of their most renowned brands.[\/vc_column_text][\/vc_column_inner][\/vc_row_inner][vc_row_inner el_class=&#8221;paraphpos2&#8243; css=&#8221;.vc_custom_1482243247185{margin-top: 30px !important;}&#8221;][vc_column_inner][vc_raw_html]JTNDdWwlMjBjbGFzcyUzRCUyMmxpc3RlYWNjdWVpbCUyMiUyMGlkJTNEJTIybGlzdGVudHJlcHJpc2UlMjIlM0UlMEElMEElM0NkaXYlMjBjbGFzcyUzRCUyMm1lbnVib3glMjIlM0UlMEElM0NhJTIwaHJlZiUzRCUyMnRoZS13aW5lcnklMkYlMjIlM0UlM0NsaSUyMGlkJTNEJTIydmlnbm9ibGUlMjIlM0UlM0NzcGFuJTNFVGhlJTIwd2luZXJ5JTNDJTJGc3BhbiUzRSUzQyUyRmxpJTNFJTNDJTJGYSUzRSUwQSUzQ2ElMjBocmVmJTNEJTIydGhlLXBlb3BsZSUyRiUyMiUzRSUzQ2xpJTIwaWQlM0QlMjJob21tZXMlMjIlM0UlM0NzcGFuJTNFVGhlJTIwcGVvcGxlJTNDJTJGc3BhbiUzRSUzQyUyRmxpJTNFJTNDJTJGYSUzRSUwQSUzQ2ElMjBocmVmJTNEJTIyb3VyLWRpZmZlcmVuY2UlMkYlMjIlM0UlM0NsaSUyMGlkJTNEJTIyZGlmZmVyZW5jZSUyMiUzRSUzQ3NwYW4lM0VPdXIlMjBkaWZmZXJlbmNlJTNDJTJGc3BhbiUzRSUzQyUyRmxpJTNFJTNDJTJGYSUzRSUwQSUzQyUyRmRpdiUzRSUwQSUzQyUyRnVsJTNF[\/vc_raw_html][\/vc_column_inner][\/vc_row_inner][\/vc_column][\/vc_row][vc_row el_class=&#8221;section&#8221;][vc_column el_class=&#8221;vins&#8221;][vc_row_inner][vc_column_inner el_class=&#8221;container&#8221;][vc_column_text]<\/p>\n<h2 class=\"titre\" style=\"text-align: center;\">OUR WINES<\/h2>\n<p>&nbsp;<\/p>\n<p><strong>\u00a0<\/strong>[\/vc_column_text][\/vc_column_inner][\/vc_row_inner][vc_row_inner][vc_column_inner el_class=&#8221;espaceparaph&#8221;][vc_raw_html]JTNDZGl2JTIwY2xhc3MlM0QlMjJmbGV4JTIyJTNFJTBBJTNDdWwlMjBjbGFzcyUzRCUyMmxpc3RlYWNjdWVpbCUyMiUyMGlkJTNEJTIybGlzdGV2aW5zJTIyJTNFJTBBJTIwJTIwJTNDYSUyMGhyZWYlM0QlMjJ0aGUtYnVsayUyMiUzRSUzQ2xpJTIwaWQlM0QlMjJ2cmFjJTIyJTNFJTNDc3BhbiUzRUJ1bGslMjBXaW5lcyUzQyUyRnNwYW4lM0UlM0MlMkZsaSUzRSUzQyUyRmElM0UlMEElMjAlMjAlM0NhJTIwaHJlZiUzRCUyMnRoZS13b3Jrc2hvcCUyMiUzRSUzQ2xpJTIwaWQlM0QlMjJhdGVsaWVyJTIyJTNFJTNDc3BhbiUzRU91ciUyMFdvcmtzaG9wJTNDJTJGc3BhbiUzRSUzQyUyRmxpJTNFJTNDJTJGYSUzRSUwQSUyMCUyMCUzQ2ElMjBocmVmJTNEJTIydGhlLWNoYXRlYXV4JTIyJTNFJTNDbGklMjBpZCUzRCUyMmNoYXRlYXV4JTIyJTNFJTNDc3BhbiUzRU91ciUyMENoJUMzJUEydGVhdXglM0MlMkZzcGFuJTNFJTNDJTJGbGklM0UlM0MlMkZhJTNFJTBBJTIwJTIwJTNDYSUyMGhyZWYlM0QlMjJ0aGUtYnJhbmRzJTIyJTNFJTNDbGklMjBpZCUzRCUyMm1hcnF1ZXMlMjIlM0UlM0NzcGFuJTNFT3VyJTIwQnJhbmRzJTNDJTJGc3BhbiUzRSUzQyUyRmxpJTNFJTNDJTJGYSUzRSUwQSUzQyUyRnVsJTNFJTBBJTNDJTJGZGl2JTNF[\/vc_raw_html][\/vc_column_inner][\/vc_row_inner][\/vc_column][\/vc_row][vc_row el_class=&#8221;section&#8221;][vc_column el_class=&#8221;vie-cave&#8221;][vc_row_inner el_class=&#8221;section&#8221;][vc_column_inner el_class=&#8221;container&#8221;][vc_column_text]<\/p>\n<h2 class=\"titre\">NEWS and AWARDS<\/h2>\n<p>[\/vc_column_text][\/vc_column_inner][\/vc_row_inner][vc_row_inner][vc_column_inner el_class=&#8221;espaceparaph&#8221;][vc_raw_html]JTNDZGl2JTIwY2xhc3MlM0QlMjJmbGV4JTIyJTNFJTBBJTNDdWwlMjBjbGFzcyUzRCUyMmxpc3RlYWNjdWVpbCUyMiUyMGlkJTNEJTIybGlzdGV2aWVjYXZlJTIyJTNFJTBBJTIwJTIwJTNDYSUyMGhyZWYlM0QlMjJuZXdzJTIyJTNFJTNDbGklMjBpZCUzRCUyMmFjdHVzJTIyJTNFJTNDc3BhbiUzRU5ld3MlM0MlMkZzcGFuJTNFJTNDJTJGbGklM0UlM0MlMkZhJTNFJTBBJTIwJTIwJTNDYSUyMGhyZWYlM0QlMjJhd2FyZHMtYm9yZGVhdXglMjIlM0UlM0NsaSUyMGlkJTNEJTIybWVkYWlsbGVzJTIyJTNFJTNDc3BhbiUzRUF3YXJkcyUzQyUyRnNwYW4lM0UlM0MlMkZsaSUzRSUzQyUyRmElM0UlMEElM0MlMkZ1bCUzRSUwQSUzQyUyRmRpdiUzRQ==[\/vc_raw_html][\/vc_column_inner][\/vc_row_inner][\/vc_column][\/vc_row][vc_row el_class=&#8221;section&#8221;][vc_column el_class=&#8221;contact&#8221;][vc_row_inner][vc_column_inner el_class=&#8221;container&#8221;][vc_column_text]<\/p>\n<h2 class=\"titre\" style=\"text-align: center;\">CONTACT US<\/h2>\n<p>&nbsp;<\/p>\n<p><strong>\u00a0<\/strong>[\/vc_column_text][\/vc_column_inner][\/vc_row_inner][vc_row_inner][vc_column_inner el_class=&#8221;espaceparaph&#8221;][vc_raw_html]JTNDZGl2JTIwY2xhc3MlM0QlMjJmbGV4JTIyJTNFJTBBJTNDdWwlMjBjbGFzcyUzRCUyMmxpc3RlYWNjdWVpbCUyMiUyMGlkJTNEJTIyJTIyJTNFJTBBJTIwJTIwJTNDYSUyMGhyZWYlM0QlMjJwcml2YXRlLWNsaWVudGVsZSUyMiUzRSUzQ2xpJTIwaWQlM0QlMjJwYXJ0JTIyJTNFJTNDc3BhbiUzRVNob3AlM0MlMkZzcGFuJTNFJTNDJTJGbGklM0UlM0MlMkZhJTNFJTBBJTIwJTIwJTNDYSUyMGhyZWYlM0QlMjJwcm9mZXNzaW9ubmFscyUyMiUzRSUzQ2xpJTIwaWQlM0QlMjJwcm8lMjIlM0UlM0NzcGFuJTNFUHJvZmVzc2lvbmFscyUzQyUyRnNwYW4lM0UlM0MlMkZsaSUzRSUzQyUyRmElM0UlMEElM0MlMkZ1bCUzRSUwQSUzQyUyRmRpdiUzRQ==[\/vc_raw_html][\/vc_column_inner][\/vc_row_inner][\/vc_column][\/vc_row]<\/p>\n<\/section>","protected":false},"excerpt":{"rendered":"<p>[vc_row full_height=&#8221;yes&#8221; content_placement=&#8221;middle&#8221; el_class=&#8221;vc_visible-xs section videhome &#8221; el_id=&#8221;sectionhome&#8221;][vc_column][vc_single_image image=&#8221;754&#8243; img_size=&#8221;full&#8221; alignment=&#8221;center&#8221; css=&#8221;.vc_custom_1482156678011{margin-top: 110px !important;margin-bottom: 200px !important;}&#8221; el_class=&#8221;logohome&#8221;][vc_column_text el_class=&#8221;textaccueil&#8221;] Push play to access our video presentation [\/vc_column_text][vc_single_image image=&#8221;558&#8243; img_size=&#8221;full&#8221; alignment=&#8221;center&#8221; el_class=&#8221;gifenter&#8221;][\/vc_column][\/vc_row][vc_row el_class=&#8221;section&#8221; el_id=&#8221;homentreprise&#8221;][vc_column el_class=&#8221;entreprise&#8221;][vc_row_inner el_class=&#8221;section&#8221;][vc_column_inner el_class=&#8221;container&#8221;][vc_column_text] LES VIGNERONS REUNIS DE MONSEGUR &nbsp; \u00a0[\/vc_column_text][\/vc_column_inner][\/vc_row_inner][vc_row_inner el_class=&#8221;paraphpos&#8221;][vc_column_inner offset=&#8221;vc_col-lg-6 vc_col-md-6 vc_col-xs-12&#8243;][vc_single_image image=&#8221;127&#8243; el_class=&#8221;pictopos&#8221;][vc_column_text el_class=&#8221;paragraphepositionnement&#8221;]The Mons\u00e9gur winegrowers\u00a0cooperative\u2019s signature trait is &#8220;shared [&hellip;]<\/p>\n","protected":false},"author":1,"featured_media":0,"parent":0,"menu_order":0,"comment_status":"closed","ping_status":"closed","template":"template-home.php","meta":[],"acf":[],"yoast_head":"<!-- This site is optimized with the Yoast SEO plugin v19.10 - https:\/\/yoast.com\/wordpress\/plugins\/seo\/ -->\n<title>The United Winemakers of Mons\u00e9gur - Wine Coop\u00e9rative<\/title>\n<meta name=\"description\" content=\"In 1936, a small group of winegrowers, joined forces to create &quot;The United Winemakers of Mons\u00e9gur&quot; just outside of Bordeaux\" \/>\n<meta name=\"robots\" content=\"index, follow, max-snippet:-1, max-image-preview:large, max-video-preview:-1\" \/>\n<link rel=\"canonical\" href=\"https:\/\/www.cave-de-monsegur.com\/en\/\" \/>\n<meta property=\"og:locale\" content=\"en_US\" \/>\n<meta property=\"og:type\" content=\"article\" \/>\n<meta property=\"og:title\" content=\"The United Winemakers of Mons\u00e9gur - Wine Coop\u00e9rative\" \/>\n<meta property=\"og:description\" content=\"In 1936, a small group of winegrowers, joined forces to create &quot;The United Winemakers of Mons\u00e9gur&quot; just outside of Bordeaux\" \/>\n<meta property=\"og:url\" content=\"https:\/\/www.cave-de-monsegur.com\/en\/\" \/>\n<meta property=\"og:site_name\" content=\"Les Vignerons R\u00e9unis de Mons\u00e9gur\" \/>\n<meta property=\"article:modified_time\" content=\"2017-12-10T13:05:02+00:00\" \/>\n<meta name=\"twitter:card\" content=\"summary_large_image\" \/>\n<meta name=\"twitter:label1\" content=\"Est. reading time\" \/>\n\t<meta name=\"twitter:data1\" content=\"4 minutes\" \/>\n<script type=\"application\/ld+json\" class=\"yoast-schema-graph\">{\"@context\":\"https:\/\/schema.org\",\"@graph\":[{\"@type\":\"WebPage\",\"@id\":\"https:\/\/www.cave-de-monsegur.com\/en\/\",\"url\":\"https:\/\/www.cave-de-monsegur.com\/en\/\",\"name\":\"The United Winemakers of Mons\u00e9gur - Wine Coop\u00e9rative\",\"isPartOf\":{\"@id\":\"https:\/\/www.cave-de-monsegur.com\/en\/#website\"},\"datePublished\":\"2016-09-05T11:55:03+00:00\",\"dateModified\":\"2017-12-10T13:05:02+00:00\",\"description\":\"In 1936, a small group of winegrowers, joined forces to create \\\"The United Winemakers of Mons\u00e9gur\\\" just outside of Bordeaux\",\"breadcrumb\":{\"@id\":\"https:\/\/www.cave-de-monsegur.com\/en\/#breadcrumb\"},\"inLanguage\":\"en-US\",\"potentialAction\":[{\"@type\":\"ReadAction\",\"target\":[\"https:\/\/www.cave-de-monsegur.com\/en\/\"]}]},{\"@type\":\"BreadcrumbList\",\"@id\":\"https:\/\/www.cave-de-monsegur.com\/en\/#breadcrumb\",\"itemListElement\":[{\"@type\":\"ListItem\",\"position\":1,\"name\":\"Accueil\",\"item\":\"https:\/\/www.cave-de-monsegur.com\/en\/\"},{\"@type\":\"ListItem\",\"position\":2,\"name\":\"Home Page\"}]},{\"@type\":\"WebSite\",\"@id\":\"https:\/\/www.cave-de-monsegur.com\/en\/#website\",\"url\":\"https:\/\/www.cave-de-monsegur.com\/en\/\",\"name\":\"Les Vignerons R\u00e9unis de Mons\u00e9gur\",\"description\":\"Cave, Vin, Bordeaux, Export, ...\",\"potentialAction\":[{\"@type\":\"SearchAction\",\"target\":{\"@type\":\"EntryPoint\",\"urlTemplate\":\"https:\/\/www.cave-de-monsegur.com\/en\/?s={search_term_string}\"},\"query-input\":\"required name=search_term_string\"}],\"inLanguage\":\"en-US\"}]}<\/script>\n<!-- \/ Yoast SEO plugin. -->","yoast_head_json":{"title":"The United Winemakers of Mons\u00e9gur - Wine Coop\u00e9rative","description":"In 1936, a small group of winegrowers, joined forces to create \"The United Winemakers of Mons\u00e9gur\" just outside of Bordeaux","robots":{"index":"index","follow":"follow","max-snippet":"max-snippet:-1","max-image-preview":"max-image-preview:large","max-video-preview":"max-video-preview:-1"},"canonical":"https:\/\/www.cave-de-monsegur.com\/en\/","og_locale":"en_US","og_type":"article","og_title":"The United Winemakers of Mons\u00e9gur - Wine Coop\u00e9rative","og_description":"In 1936, a small group of winegrowers, joined forces to create \"The United Winemakers of Mons\u00e9gur\" just outside of Bordeaux","og_url":"https:\/\/www.cave-de-monsegur.com\/en\/","og_site_name":"Les Vignerons R\u00e9unis de Mons\u00e9gur","article_modified_time":"2017-12-10T13:05:02+00:00","twitter_card":"summary_large_image","twitter_misc":{"Est. reading time":"4 minutes"},"schema":{"@context":"https:\/\/schema.org","@graph":[{"@type":"WebPage","@id":"https:\/\/www.cave-de-monsegur.com\/en\/","url":"https:\/\/www.cave-de-monsegur.com\/en\/","name":"The United Winemakers of Mons\u00e9gur - Wine Coop\u00e9rative","isPartOf":{"@id":"https:\/\/www.cave-de-monsegur.com\/en\/#website"},"datePublished":"2016-09-05T11:55:03+00:00","dateModified":"2017-12-10T13:05:02+00:00","description":"In 1936, a small group of winegrowers, joined forces to create \"The United Winemakers of Mons\u00e9gur\" just outside of Bordeaux","breadcrumb":{"@id":"https:\/\/www.cave-de-monsegur.com\/en\/#breadcrumb"},"inLanguage":"en-US","potentialAction":[{"@type":"ReadAction","target":["https:\/\/www.cave-de-monsegur.com\/en\/"]}]},{"@type":"BreadcrumbList","@id":"https:\/\/www.cave-de-monsegur.com\/en\/#breadcrumb","itemListElement":[{"@type":"ListItem","position":1,"name":"Accueil","item":"https:\/\/www.cave-de-monsegur.com\/en\/"},{"@type":"ListItem","position":2,"name":"Home Page"}]},{"@type":"WebSite","@id":"https:\/\/www.cave-de-monsegur.com\/en\/#website","url":"https:\/\/www.cave-de-monsegur.com\/en\/","name":"Les Vignerons R\u00e9unis de Mons\u00e9gur","description":"Cave, Vin, Bordeaux, Export, ...","potentialAction":[{"@type":"SearchAction","target":{"@type":"EntryPoint","urlTemplate":"https:\/\/www.cave-de-monsegur.com\/en\/?s={search_term_string}"},"query-input":"required name=search_term_string"}],"inLanguage":"en-US"}]}},"_links":{"self":[{"href":"https:\/\/www.cave-de-monsegur.com\/en\/wp-json\/wp\/v2\/pages\/122"}],"collection":[{"href":"https:\/\/www.cave-de-monsegur.com\/en\/wp-json\/wp\/v2\/pages"}],"about":[{"href":"https:\/\/www.cave-de-monsegur.com\/en\/wp-json\/wp\/v2\/types\/page"}],"author":[{"embeddable":true,"href":"https:\/\/www.cave-de-monsegur.com\/en\/wp-json\/wp\/v2\/users\/1"}],"replies":[{"embeddable":true,"href":"https:\/\/www.cave-de-monsegur.com\/en\/wp-json\/wp\/v2\/comments?post=122"}],"version-history":[{"count":85,"href":"https:\/\/www.cave-de-monsegur.com\/en\/wp-json\/wp\/v2\/pages\/122\/revisions"}],"predecessor-version":[{"id":1446,"href":"https:\/\/www.cave-de-monsegur.com\/en\/wp-json\/wp\/v2\/pages\/122\/revisions\/1446"}],"wp:attachment":[{"href":"https:\/\/www.cave-de-monsegur.com\/en\/wp-json\/wp\/v2\/media?parent=122"}],"curies":[{"name":"wp","href":"https:\/\/api.w.org\/{rel}","templated":true}]}}